{"id":6019,"date":"2024-03-01T10:57:40","date_gmt":"2024-03-01T09:57:40","guid":{"rendered":"https:\/\/www.feriebyenscamping.dk\/?page_id=6019"},"modified":"2024-06-28T12:14:28","modified_gmt":"2024-06-28T10:14:28","slug":"online-booking","status":"publish","type":"page","link":"https:\/\/www.feriebyenscamping.dk\/en\/online-booking\/","title":{"rendered":"Online booking"},"content":{"rendered":"\t\t<div data-elementor-type=\"wp-page\" data-elementor-id=\"6019\" class=\"elementor elementor-6019 elementor-5990\" data-elementor-post-type=\"page\">\n\t\t\t\t\t\t<section data-particle_enable=\"false\" data-particle-mobile-disabled=\"false\" class=\"elementor-section elementor-top-section elementor-element elementor-element-3a8b1e24 elementor-section-content-bottom elementor-section-height-min-height elementor-section-boxed elementor-section-height-default elementor-section-items-middle\" data-id=\"3a8b1e24\" data-element_type=\"section\" data-e-type=\"section\" data-settings=\"{&quot;background_background&quot;:&quot;classic&quot;}\">\n\t\t\t\t\t\t\t<div class=\"elementor-background-overlay\"><\/div>\n\t\t\t\t\t\t\t<div class=\"elementor-container elementor-column-gap-default\">\n\t\t\t\t\t<div class=\"elementor-column elementor-col-100 elementor-top-column elementor-element elementor-element-2bd76fdd\" data-id=\"2bd76fdd\" data-element_type=\"column\" data-e-type=\"column\">\n\t\t\t<div class=\"elementor-widget-wrap elementor-element-populated\">\n\t\t\t\t\t\t\t<\/div>\n\t\t<\/div>\n\t\t\t\t\t<\/div>\n\t\t<\/section>\n\t\t\t\t<section data-particle_enable=\"false\" data-particle-mobile-disabled=\"false\" class=\"elementor-section elementor-top-section elementor-element elementor-element-32213e50 elementor-section-content-top elementor-reverse-mobile elementor-section-boxed elementor-section-height-default elementor-section-height-default\" data-id=\"32213e50\" data-element_type=\"section\" data-e-type=\"section\" data-settings=\"{&quot;background_background&quot;:&quot;classic&quot;}\">\n\t\t\t\t\t\t<div class=\"elementor-container elementor-column-gap-default\">\n\t\t\t\t\t<div class=\"elementor-column elementor-col-100 elementor-top-column elementor-element elementor-element-7a612e4f\" data-id=\"7a612e4f\" data-element_type=\"column\" data-e-type=\"column\">\n\t\t\t<div class=\"elementor-widget-wrap elementor-element-populated\">\n\t\t\t\t\t\t<div class=\"elementor-element elementor-element-7733b8ab elementor-widget elementor-widget-heading\" data-id=\"7733b8ab\" data-element_type=\"widget\" data-e-type=\"widget\" data-widget_type=\"heading.default\">\n\t\t\t\t<div class=\"elementor-widget-container\">\n\t\t\t\t\t<h1 class=\"elementor-heading-title elementor-size-default\">Online booking <\/h1>\t\t\t\t<\/div>\n\t\t\t\t<\/div>\n\t\t\t\t<div class=\"elementor-element elementor-element-38748d3a elementor-widget elementor-widget-text-editor\" data-id=\"38748d3a\" data-element_type=\"widget\" data-e-type=\"widget\" data-widget_type=\"text-editor.default\">\n\t\t\t\t<div class=\"elementor-widget-container\">\n\t\t\t\t\t\t\t\t\t<p style=\"text-align: center;\">You can either write or call us to book your vacation, or you can go directly to our online booking.<\/p>\t\t\t\t\t\t\t\t<\/div>\n\t\t\t\t<\/div>\n\t\t\t\t<div class=\"elementor-element elementor-element-86da083 elementor-align-center elementor-widget elementor-widget-global elementor-global-6048 elementor-widget-button\" data-id=\"86da083\" data-element_type=\"widget\" data-e-type=\"widget\" data-widget_type=\"button.default\">\n\t\t\t\t<div class=\"elementor-widget-container\">\n\t\t\t\t\t\t\t\t\t<div class=\"elementor-button-wrapper\">\n\t\t\t\t\t<a class=\"elementor-button elementor-button-link elementor-size-sm\" href=\"https:\/\/v3.onlinebooking.dk\/v3rodcamp\">\n\t\t\t\t\t\t<span class=\"elementor-button-content-wrapper\">\n\t\t\t\t\t\t\t\t\t<span class=\"elementor-button-text\">Click here to go to online booking <\/span>\n\t\t\t\t\t<\/span>\n\t\t\t\t\t<\/a>\n\t\t\t\t<\/div>\n\t\t\t\t\t\t\t\t<\/div>\n\t\t\t\t<\/div>\n\t\t\t\t<div class=\"elementor-element elementor-element-6b67a697 elementor-widget elementor-widget-text-editor\" data-id=\"6b67a697\" data-element_type=\"widget\" data-e-type=\"widget\" data-widget_type=\"text-editor.default\">\n\t\t\t\t<div class=\"elementor-widget-container\">\n\t\t\t\t\t\t\t\t\t<h3 style=\"text-align: center;\"><strong>Feriebyens Camping<\/strong><\/h3>\n<p style=\"text-align: center;\">H\u00f8jstrupvej 2A, 4673 R\u00f8dvig Stevns<br \/><a href=\"mailto:email@feriebyenscamping.dk\">email@feriebyenscamping.dk<\/a><br \/>Tel: (45) <a href=\"tel:20170718\">20170718<\/a><\/p>\n\t\t\t\t\t\t\t\t<\/div>\n\t\t\t\t<\/div>\n\t\t\t\t\t<\/div>\n\t\t<\/div>\n\t\t\t\t\t<\/div>\n\t\t<\/section>\n\t\t\t\t<section data-particle_enable=\"false\" data-particle-mobile-disabled=\"false\" class=\"elementor-section elementor-top-section elementor-element elementor-element-375e7cb3 elementor-section-content-top elementor-reverse-mobile elementor-section-boxed elementor-section-height-default elementor-section-height-default\" data-id=\"375e7cb3\" data-element_type=\"section\" data-e-type=\"section\" data-settings=\"{&quot;background_background&quot;:&quot;classic&quot;}\">\n\t\t\t\t\t\t<div class=\"elementor-container elementor-column-gap-default\">\n\t\t\t\t\t<div class=\"elementor-column elementor-col-100 elementor-top-column elementor-element elementor-element-32bdd175\" data-id=\"32bdd175\" data-element_type=\"column\" data-e-type=\"column\">\n\t\t\t<div class=\"elementor-widget-wrap elementor-element-populated\">\n\t\t\t\t\t\t<div class=\"elementor-element elementor-element-829b90e elementor-widget elementor-widget-heading\" data-id=\"829b90e\" data-element_type=\"widget\" data-e-type=\"widget\" data-widget_type=\"heading.default\">\n\t\t\t\t<div class=\"elementor-widget-container\">\n\t\t\t\t\t<h2 class=\"elementor-heading-title elementor-size-default\">Send us a message<\/h2>\t\t\t\t<\/div>\n\t\t\t\t<\/div>\n\t\t\t\t<div class=\"elementor-element elementor-element-902cf20 elementor-widget elementor-widget-wpforms\" data-id=\"902cf20\" data-element_type=\"widget\" data-e-type=\"widget\" data-widget_type=\"wpforms.default\">\n\t\t\t\t<div class=\"elementor-widget-container\">\n\t\t\t\t\t<div class=\"wpforms-container wpforms-container-full\" id=\"wpforms-3058\"><form id=\"wpforms-form-3058\" class=\"wpforms-validate wpforms-form wpforms-ajax-form\" data-formid=\"3058\" method=\"post\" enctype=\"multipart\/form-data\" action=\"\/en\/wp-json\/wp\/v2\/pages\/6019\" data-token=\"b8f420e301589736419019d76daf26ff\" data-token-time=\"1777715595\"><noscript class=\"wpforms-error-noscript\">Please enable JavaScript in your browser to complete this form.<\/noscript><div class=\"wpforms-field-container\"><div id=\"wpforms-3058-field_0-container\" class=\"wpforms-field wpforms-field-name\" data-field-id=\"0\"><label class=\"wpforms-field-label\" for=\"wpforms-3058-field_0\">Name <span class=\"wpforms-required-label\">*<\/span><\/label><input type=\"text\" id=\"wpforms-3058-field_0\" class=\"wpforms-field-large wpforms-field-required\" name=\"wpforms[fields][0]\" required><\/div><div id=\"wpforms-3058-field_1-container\" class=\"wpforms-field wpforms-field-email\" data-field-id=\"1\"><label class=\"wpforms-field-label\" for=\"wpforms-3058-field_1\">E-mail <span class=\"wpforms-required-label\">*<\/span><\/label><input type=\"email\" id=\"wpforms-3058-field_1\" class=\"wpforms-field-large wpforms-field-required\" name=\"wpforms[fields][1]\" spellcheck=\"false\" required><\/div><div id=\"wpforms-3058-field_2-container\" class=\"wpforms-field wpforms-field-textarea\" data-field-id=\"2\"><label class=\"wpforms-field-label\" for=\"wpforms-3058-field_2\">Message<\/label><textarea id=\"wpforms-3058-field_2\" class=\"wpforms-field-medium\" name=\"wpforms[fields][2]\" ><\/textarea><\/div><div id=\"wpforms-3058-field_3-container\" class=\"wpforms-field wpforms-field-captcha\" data-field-id=\"3\"><label class=\"wpforms-field-label\" for=\"wpforms-3058-field_3\">Are you human? <span class=\"wpforms-required-label\">*<\/span><\/label>\t\t\t<div class=\"wpforms-captcha-math\">\n\t\t\t\t<span id=\"wpforms-3058-field_3-question\" class=\"wpforms-captcha-equation\">\n\t\t\t\t\t<span class=\"n1\">1<\/span>\n\t\t\t\t\t\t\t<span class=\"cal\">+<\/span>\n\t\t\t\t\t\t\t<span class=\"n2\">6<\/span>\t\t\t\t\t<span class=\"e\">=<\/span>\n\t\t\t\t<\/span>\n\t\t\t\t<input type=\"text\" id=\"wpforms-3058-field_3\" class=\"wpforms-field-medium wpforms-field-required a\" data-rule-wpf-captcha=\"math\" data-is-wrapped-field=\"1\" name=\"wpforms[fields][3][a]\" aria-describedby=\"wpforms-3058-field_3-question\" required>\t\t\t\t<input type=\"hidden\" name=\"wpforms[fields][3][cal]\" class=\"cal\">\n\t\t\t\t<input type=\"hidden\" name=\"wpforms[fields][3][n2]\" class=\"n2\">\n\t\t\t\t<input type=\"hidden\" name=\"wpforms[fields][3][n1]\" class=\"n1\">\n\t\t\t<\/div>\n\t\t\t<\/div><\/div><!-- .wpforms-field-container --><div class=\"wpforms-submit-container\" ><input type=\"hidden\" name=\"wpforms[id]\" value=\"3058\"><input type=\"hidden\" name=\"page_title\" value=\"\"><input type=\"hidden\" name=\"page_url\" value=\"https:\/\/www.feriebyenscamping.dk\/en\/wp-json\/wp\/v2\/pages\/6019\"><input type=\"hidden\" name=\"url_referer\" value=\"\"><button type=\"submit\" name=\"wpforms[submit]\" id=\"wpforms-submit-3058\" class=\"wpforms-submit\" data-alt-text=\"Sending...\" data-submit-text=\"Send\" aria-live=\"assertive\" value=\"wpforms-submit\">Send<\/button><img decoding=\"async\" src=\"https:\/\/www.feriebyenscamping.dk\/wp-content\/plugins\/wpforms\/assets\/images\/submit-spin.svg\" class=\"wpforms-submit-spinner\" style=\"display: none;\" width=\"26\" height=\"26\" alt=\"Loading\"><\/div><\/form><\/div>  <!-- .wpforms-container -->\t\t\t\t<\/div>\n\t\t\t\t<\/div>\n\t\t\t\t\t<\/div>\n\t\t<\/div>\n\t\t\t\t\t<\/div>\n\t\t<\/section>\n\t\t\t\t<\/div>\n\t\t","protected":false},"excerpt":{"rendered":"<p>Online booking You can either write or call us to book your vacation, or you can go directly to our online booking. Click here to go to online booking Feriebyens Camping H\u00f8jstrupvej 2A, 4673 R\u00f8dvig Stevnsemail@feriebyenscamping.dkTel: (45) 20170718 Send us a message Please enable JavaScript in your browser to complete this form.Name *E-mail *MessageAre you [&hellip;]<\/p>\n","protected":false},"author":1,"featured_media":5369,"parent":0,"menu_order":0,"comment_status":"closed","ping_status":"closed","template":"elementor_header_footer","meta":{"footnotes":""},"class_list":["post-6019","page","type-page","status-publish","has-post-thumbnail","hentry"],"yoast_head":"<!-- This site is optimized with the Yoast SEO plugin v27.5 - https:\/\/yoast.com\/product\/yoast-seo-wordpress\/ -->\n<title>Online Booking | Feriebyens Camping in R\u00f8dvig, Stevns, Denmark<\/title>\n<meta name=\"description\" content=\"Online booking. Please write or call us to book your vacation. email@feriebyenscamping.dk I Tel: (45) 20170718\" \/>\n<meta name=\"robots\" content=\"index, follow, max-snippet:-1, max-image-preview:large, max-video-preview:-1\" \/>\n<link rel=\"canonical\" href=\"https:\/\/www.feriebyenscamping.dk\/en\/online-booking\/\" \/>\n<meta property=\"og:locale\" content=\"en_US\" \/>\n<meta property=\"og:type\" content=\"article\" \/>\n<meta property=\"og:title\" content=\"Online Booking | Feriebyens Camping in R\u00f8dvig, Stevns, Denmark\" \/>\n<meta property=\"og:description\" content=\"Online booking. Please write or call us to book your vacation. email@feriebyenscamping.dk I Tel: (45) 20170718\" \/>\n<meta property=\"og:url\" content=\"https:\/\/www.feriebyenscamping.dk\/en\/online-booking\/\" \/>\n<meta property=\"og:site_name\" content=\"Feriebyens Camping\" \/>\n<meta property=\"article:publisher\" content=\"https:\/\/www.facebook.com\/roedvigferieby\" \/>\n<meta property=\"article:modified_time\" content=\"2024-06-28T10:14:28+00:00\" \/>\n<meta property=\"og:image\" content=\"https:\/\/www.feriebyenscamping.dk\/wp-content\/uploads\/2024\/01\/Feriebyens-Camping-Hytte-4.webp\" \/>\n\t<meta property=\"og:image:width\" content=\"1440\" \/>\n\t<meta property=\"og:image:height\" content=\"1080\" \/>\n\t<meta property=\"og:image:type\" content=\"image\/webp\" \/>\n<meta name=\"twitter:card\" content=\"summary_large_image\" \/>\n<meta name=\"twitter:label1\" content=\"Est. reading time\" \/>\n\t<meta name=\"twitter:data1\" content=\"1 minute\" \/>\n<script type=\"application\/ld+json\" class=\"yoast-schema-graph\">{\"@context\":\"https:\\\/\\\/schema.org\",\"@graph\":[{\"@type\":\"WebPage\",\"@id\":\"https:\\\/\\\/www.feriebyenscamping.dk\\\/en\\\/online-booking\\\/\",\"url\":\"https:\\\/\\\/www.feriebyenscamping.dk\\\/en\\\/online-booking\\\/\",\"name\":\"Online Booking | Feriebyens Camping in R\u00f8dvig, Stevns, Denmark\",\"isPartOf\":{\"@id\":\"https:\\\/\\\/www.feriebyenscamping.dk\\\/en\\\/#website\"},\"primaryImageOfPage\":{\"@id\":\"https:\\\/\\\/www.feriebyenscamping.dk\\\/en\\\/online-booking\\\/#primaryimage\"},\"image\":{\"@id\":\"https:\\\/\\\/www.feriebyenscamping.dk\\\/en\\\/online-booking\\\/#primaryimage\"},\"thumbnailUrl\":\"https:\\\/\\\/www.feriebyenscamping.dk\\\/wp-content\\\/uploads\\\/2024\\\/01\\\/Feriebyens-Camping-Hytte-4.webp\",\"datePublished\":\"2024-03-01T09:57:40+00:00\",\"dateModified\":\"2024-06-28T10:14:28+00:00\",\"description\":\"Online booking. Please write or call us to book your vacation. email@feriebyenscamping.dk I Tel: (45) 20170718\",\"breadcrumb\":{\"@id\":\"https:\\\/\\\/www.feriebyenscamping.dk\\\/en\\\/online-booking\\\/#breadcrumb\"},\"inLanguage\":\"en-US\",\"potentialAction\":[{\"@type\":\"ReadAction\",\"target\":[\"https:\\\/\\\/www.feriebyenscamping.dk\\\/en\\\/online-booking\\\/\"]}]},{\"@type\":\"ImageObject\",\"inLanguage\":\"en-US\",\"@id\":\"https:\\\/\\\/www.feriebyenscamping.dk\\\/en\\\/online-booking\\\/#primaryimage\",\"url\":\"https:\\\/\\\/www.feriebyenscamping.dk\\\/wp-content\\\/uploads\\\/2024\\\/01\\\/Feriebyens-Camping-Hytte-4.webp\",\"contentUrl\":\"https:\\\/\\\/www.feriebyenscamping.dk\\\/wp-content\\\/uploads\\\/2024\\\/01\\\/Feriebyens-Camping-Hytte-4.webp\",\"width\":1440,\"height\":1080,\"caption\":\"Feriebyens Camping i R\u00f8dvig I Ferie i natursk\u00f8nne omgivelser I T\u00e6t ved Stevns Klint\"},{\"@type\":\"BreadcrumbList\",\"@id\":\"https:\\\/\\\/www.feriebyenscamping.dk\\\/en\\\/online-booking\\\/#breadcrumb\",\"itemListElement\":[{\"@type\":\"ListItem\",\"position\":1,\"name\":\"Hjem\",\"item\":\"https:\\\/\\\/www.feriebyenscamping.dk\\\/en\\\/\"},{\"@type\":\"ListItem\",\"position\":2,\"name\":\"Online booking\"}]},{\"@type\":\"WebSite\",\"@id\":\"https:\\\/\\\/www.feriebyenscamping.dk\\\/en\\\/#website\",\"url\":\"https:\\\/\\\/www.feriebyenscamping.dk\\\/en\\\/\",\"name\":\"Feriebyens Camping\",\"description\":\"Camping i R\u00f8dvig I Stevns Klint\",\"publisher\":{\"@id\":\"https:\\\/\\\/www.feriebyenscamping.dk\\\/en\\\/#organization\"},\"potentialAction\":[{\"@type\":\"SearchAction\",\"target\":{\"@type\":\"EntryPoint\",\"urlTemplate\":\"https:\\\/\\\/www.feriebyenscamping.dk\\\/en\\\/?s={search_term_string}\"},\"query-input\":{\"@type\":\"PropertyValueSpecification\",\"valueRequired\":true,\"valueName\":\"search_term_string\"}}],\"inLanguage\":\"en-US\"},{\"@type\":\"Organization\",\"@id\":\"https:\\\/\\\/www.feriebyenscamping.dk\\\/en\\\/#organization\",\"name\":\"Feriebyens Camping\",\"url\":\"https:\\\/\\\/www.feriebyenscamping.dk\\\/en\\\/\",\"logo\":{\"@type\":\"ImageObject\",\"inLanguage\":\"en-US\",\"@id\":\"https:\\\/\\\/www.feriebyenscamping.dk\\\/en\\\/#\\\/schema\\\/logo\\\/image\\\/\",\"url\":\"https:\\\/\\\/www.feriebyenscamping.dk\\\/wp-content\\\/uploads\\\/2022\\\/11\\\/RF-LOGO.png\",\"contentUrl\":\"https:\\\/\\\/www.feriebyenscamping.dk\\\/wp-content\\\/uploads\\\/2022\\\/11\\\/RF-LOGO.png\",\"width\":700,\"height\":250,\"caption\":\"Feriebyens Camping\"},\"image\":{\"@id\":\"https:\\\/\\\/www.feriebyenscamping.dk\\\/en\\\/#\\\/schema\\\/logo\\\/image\\\/\"},\"sameAs\":[\"https:\\\/\\\/www.facebook.com\\\/roedvigferieby\",\"https:\\\/\\\/www.instagram.com\\\/roedvigferieby\\\/\"]}]}<\/script>\n<!-- \/ Yoast SEO plugin. -->","yoast_head_json":{"title":"Online Booking | Feriebyens Camping in R\u00f8dvig, Stevns, Denmark","description":"Online booking. Please write or call us to book your vacation. email@feriebyenscamping.dk I Tel: (45) 20170718","robots":{"index":"index","follow":"follow","max-snippet":"max-snippet:-1","max-image-preview":"max-image-preview:large","max-video-preview":"max-video-preview:-1"},"canonical":"https:\/\/www.feriebyenscamping.dk\/en\/online-booking\/","og_locale":"en_US","og_type":"article","og_title":"Online Booking | Feriebyens Camping in R\u00f8dvig, Stevns, Denmark","og_description":"Online booking. Please write or call us to book your vacation. email@feriebyenscamping.dk I Tel: (45) 20170718","og_url":"https:\/\/www.feriebyenscamping.dk\/en\/online-booking\/","og_site_name":"Feriebyens Camping","article_publisher":"https:\/\/www.facebook.com\/roedvigferieby","article_modified_time":"2024-06-28T10:14:28+00:00","og_image":[{"width":1440,"height":1080,"url":"https:\/\/www.feriebyenscamping.dk\/wp-content\/uploads\/2024\/01\/Feriebyens-Camping-Hytte-4.webp","type":"image\/webp"}],"twitter_card":"summary_large_image","twitter_misc":{"Est. reading time":"1 minute"},"schema":{"@context":"https:\/\/schema.org","@graph":[{"@type":"WebPage","@id":"https:\/\/www.feriebyenscamping.dk\/en\/online-booking\/","url":"https:\/\/www.feriebyenscamping.dk\/en\/online-booking\/","name":"Online Booking | Feriebyens Camping in R\u00f8dvig, Stevns, Denmark","isPartOf":{"@id":"https:\/\/www.feriebyenscamping.dk\/en\/#website"},"primaryImageOfPage":{"@id":"https:\/\/www.feriebyenscamping.dk\/en\/online-booking\/#primaryimage"},"image":{"@id":"https:\/\/www.feriebyenscamping.dk\/en\/online-booking\/#primaryimage"},"thumbnailUrl":"https:\/\/www.feriebyenscamping.dk\/wp-content\/uploads\/2024\/01\/Feriebyens-Camping-Hytte-4.webp","datePublished":"2024-03-01T09:57:40+00:00","dateModified":"2024-06-28T10:14:28+00:00","description":"Online booking. Please write or call us to book your vacation. email@feriebyenscamping.dk I Tel: (45) 20170718","breadcrumb":{"@id":"https:\/\/www.feriebyenscamping.dk\/en\/online-booking\/#breadcrumb"},"inLanguage":"en-US","potentialAction":[{"@type":"ReadAction","target":["https:\/\/www.feriebyenscamping.dk\/en\/online-booking\/"]}]},{"@type":"ImageObject","inLanguage":"en-US","@id":"https:\/\/www.feriebyenscamping.dk\/en\/online-booking\/#primaryimage","url":"https:\/\/www.feriebyenscamping.dk\/wp-content\/uploads\/2024\/01\/Feriebyens-Camping-Hytte-4.webp","contentUrl":"https:\/\/www.feriebyenscamping.dk\/wp-content\/uploads\/2024\/01\/Feriebyens-Camping-Hytte-4.webp","width":1440,"height":1080,"caption":"Feriebyens Camping i R\u00f8dvig I Ferie i natursk\u00f8nne omgivelser I T\u00e6t ved Stevns Klint"},{"@type":"BreadcrumbList","@id":"https:\/\/www.feriebyenscamping.dk\/en\/online-booking\/#breadcrumb","itemListElement":[{"@type":"ListItem","position":1,"name":"Hjem","item":"https:\/\/www.feriebyenscamping.dk\/en\/"},{"@type":"ListItem","position":2,"name":"Online booking"}]},{"@type":"WebSite","@id":"https:\/\/www.feriebyenscamping.dk\/en\/#website","url":"https:\/\/www.feriebyenscamping.dk\/en\/","name":"Feriebyens Camping","description":"Camping i R\u00f8dvig I Stevns Klint","publisher":{"@id":"https:\/\/www.feriebyenscamping.dk\/en\/#organization"},"potentialAction":[{"@type":"SearchAction","target":{"@type":"EntryPoint","urlTemplate":"https:\/\/www.feriebyenscamping.dk\/en\/?s={search_term_string}"},"query-input":{"@type":"PropertyValueSpecification","valueRequired":true,"valueName":"search_term_string"}}],"inLanguage":"en-US"},{"@type":"Organization","@id":"https:\/\/www.feriebyenscamping.dk\/en\/#organization","name":"Feriebyens Camping","url":"https:\/\/www.feriebyenscamping.dk\/en\/","logo":{"@type":"ImageObject","inLanguage":"en-US","@id":"https:\/\/www.feriebyenscamping.dk\/en\/#\/schema\/logo\/image\/","url":"https:\/\/www.feriebyenscamping.dk\/wp-content\/uploads\/2022\/11\/RF-LOGO.png","contentUrl":"https:\/\/www.feriebyenscamping.dk\/wp-content\/uploads\/2022\/11\/RF-LOGO.png","width":700,"height":250,"caption":"Feriebyens Camping"},"image":{"@id":"https:\/\/www.feriebyenscamping.dk\/en\/#\/schema\/logo\/image\/"},"sameAs":["https:\/\/www.facebook.com\/roedvigferieby","https:\/\/www.instagram.com\/roedvigferieby\/"]}]}},"_links":{"self":[{"href":"https:\/\/www.feriebyenscamping.dk\/en\/wp-json\/wp\/v2\/pages\/6019","targetHints":{"allow":["GET"]}}],"collection":[{"href":"https:\/\/www.feriebyenscamping.dk\/en\/wp-json\/wp\/v2\/pages"}],"about":[{"href":"https:\/\/www.feriebyenscamping.dk\/en\/wp-json\/wp\/v2\/types\/page"}],"author":[{"embeddable":true,"href":"https:\/\/www.feriebyenscamping.dk\/en\/wp-json\/wp\/v2\/users\/1"}],"replies":[{"embeddable":true,"href":"https:\/\/www.feriebyenscamping.dk\/en\/wp-json\/wp\/v2\/comments?post=6019"}],"version-history":[{"count":0,"href":"https:\/\/www.feriebyenscamping.dk\/en\/wp-json\/wp\/v2\/pages\/6019\/revisions"}],"wp:featuredmedia":[{"embeddable":true,"href":"https:\/\/www.feriebyenscamping.dk\/en\/wp-json\/wp\/v2\/media\/5369"}],"wp:attachment":[{"href":"https:\/\/www.feriebyenscamping.dk\/en\/wp-json\/wp\/v2\/media?parent=6019"}],"curies":[{"name":"wp","href":"https:\/\/api.w.org\/{rel}","templated":true}]}}