{"id":6249,"date":"2024-02-02T16:33:17","date_gmt":"2024-02-02T15:33:17","guid":{"rendered":"https:\/\/www.feriebyenscamping.dk\/?page_id=6249"},"modified":"2025-06-24T14:34:57","modified_gmt":"2025-06-24T12:34:57","slug":"roedvig-camping-heisst-jetzt-feriebyens-camping","status":"publish","type":"page","link":"https:\/\/www.feriebyenscamping.dk\/de\/roedvig-camping-heisst-jetzt-feriebyens-camping\/","title":{"rendered":"R\u00f8dvig Camping hei\u00dft jetzt Feriebyens Camping"},"content":{"rendered":"\t\t<div data-elementor-type=\"wp-page\" data-elementor-id=\"6249\" class=\"elementor elementor-6249 elementor-5883\" data-elementor-post-type=\"page\">\n\t\t\t\t\t\t<section data-particle_enable=\"false\" data-particle-mobile-disabled=\"false\" class=\"elementor-section elementor-top-section elementor-element elementor-element-0384ad3 elementor-section-height-min-height elementor-section-content-bottom elementor-section-boxed elementor-section-height-default elementor-section-items-middle\" data-id=\"0384ad3\" data-element_type=\"section\" data-e-type=\"section\" data-settings=\"{&quot;background_background&quot;:&quot;classic&quot;}\">\n\t\t\t\t\t\t\t<div class=\"elementor-background-overlay\"><\/div>\n\t\t\t\t\t\t\t<div class=\"elementor-container elementor-column-gap-default\">\n\t\t\t\t\t<div class=\"elementor-column elementor-col-100 elementor-top-column elementor-element elementor-element-23db562\" data-id=\"23db562\" data-element_type=\"column\" data-e-type=\"column\">\n\t\t\t<div class=\"elementor-widget-wrap\">\n\t\t\t\t\t\t\t<\/div>\n\t\t<\/div>\n\t\t\t\t\t<\/div>\n\t\t<\/section>\n\t\t\t\t<section data-particle_enable=\"false\" data-particle-mobile-disabled=\"false\" class=\"elementor-section elementor-top-section elementor-element elementor-element-6bd59c1 elementor-section-content-top elementor-reverse-mobile elementor-section-boxed elementor-section-height-default elementor-section-height-default\" data-id=\"6bd59c1\" data-element_type=\"section\" data-e-type=\"section\" data-settings=\"{&quot;background_background&quot;:&quot;classic&quot;}\">\n\t\t\t\t\t\t<div class=\"elementor-container elementor-column-gap-default\">\n\t\t\t\t\t<div class=\"elementor-column elementor-col-100 elementor-top-column elementor-element elementor-element-1e5b1b51\" data-id=\"1e5b1b51\" data-element_type=\"column\" data-e-type=\"column\">\n\t\t\t<div class=\"elementor-widget-wrap elementor-element-populated\">\n\t\t\t\t\t\t<div class=\"elementor-element elementor-element-228fc0fc elementor-widget elementor-widget-heading\" data-id=\"228fc0fc\" data-element_type=\"widget\" data-e-type=\"widget\" data-widget_type=\"heading.default\">\n\t\t\t\t<div class=\"elementor-widget-container\">\n\t\t\t\t\t<h1 class=\"elementor-heading-title elementor-size-default\">R\u00f8dvig Camping hei\u00dft jetzt Feriebyens Camping <\/h1>\t\t\t\t<\/div>\n\t\t\t\t<\/div>\n\t\t\t\t<div class=\"elementor-element elementor-element-5352bb2b elementor-widget elementor-widget-text-editor\" data-id=\"5352bb2b\" data-element_type=\"widget\" data-e-type=\"widget\" data-widget_type=\"text-editor.default\">\n\t\t\t\t<div class=\"elementor-widget-container\">\n\t\t\t\t\t\t\t\t\t<p>Am 1. Februar 2024 hat R\u00f8dvig Ferieby die Anlage von R\u00f8dvig Camping \u00fcbernommen. <br \/>Der neue Name lautet Feriebyens Camping.<\/p>\t\t\t\t\t\t\t\t<\/div>\n\t\t\t\t<\/div>\n\t\t\t\t<div class=\"elementor-element elementor-element-7aa2fc7a elementor-align-center elementor-widget elementor-widget-button\" data-id=\"7aa2fc7a\" data-element_type=\"widget\" data-e-type=\"widget\" data-widget_type=\"button.default\">\n\t\t\t\t<div class=\"elementor-widget-container\">\n\t\t\t\t\t\t\t\t\t<div class=\"elementor-button-wrapper\">\n\t\t\t\t\t<a class=\"elementor-button elementor-button-link elementor-size-sm\" href=\"\/de\/\">\n\t\t\t\t\t\t<span class=\"elementor-button-content-wrapper\">\n\t\t\t\t\t\t\t\t\t<span class=\"elementor-button-text\">Klicken Sie hier um zu unserer Startseite zu gelangen<\/span>\n\t\t\t\t\t<\/span>\n\t\t\t\t\t<\/a>\n\t\t\t\t<\/div>\n\t\t\t\t\t\t\t\t<\/div>\n\t\t\t\t<\/div>\n\t\t\t\t\t<\/div>\n\t\t<\/div>\n\t\t\t\t\t<\/div>\n\t\t<\/section>\n\t\t\t\t<\/div>\n\t\t","protected":false},"excerpt":{"rendered":"<p>R\u00f8dvig Camping hei\u00dft jetzt Feriebyens Camping Am 1. Februar 2024 hat R\u00f8dvig Ferieby die Anlage von R\u00f8dvig Camping \u00fcbernommen. Der neue Name lautet Feriebyens Camping. Klicken Sie hier um zu unserer Startseite zu gelangen<\/p>\n","protected":false},"author":1,"featured_media":5153,"parent":0,"menu_order":0,"comment_status":"closed","ping_status":"closed","template":"elementor_header_footer","meta":{"footnotes":""},"class_list":["post-6249","page","type-page","status-publish","has-post-thumbnail","hentry"],"yoast_head":"<!-- This site is optimized with the Yoast SEO plugin v27.5 - https:\/\/yoast.com\/product\/yoast-seo-wordpress\/ -->\n<title>R\u00f8dvig Ferieby hat die Anlage von R\u00f8dvig Camping \u00fcbernommen.<\/title>\n<meta name=\"description\" content=\"R\u00f8dvig Camping hei\u00dft jetzt Feriebyens Camping Am 1. Februar 2024 hat R\u00f8dvig Ferieby die Anlage von R\u00f8dvig Camping \u00fcbernommen.\" \/>\n<meta name=\"robots\" content=\"index, follow, max-snippet:-1, max-image-preview:large, max-video-preview:-1\" \/>\n<link rel=\"canonical\" href=\"https:\/\/www.feriebyenscamping.dk\/de\/roedvig-camping-heisst-jetzt-feriebyens-camping\/\" \/>\n<meta property=\"og:locale\" content=\"de_DE\" \/>\n<meta property=\"og:type\" content=\"article\" \/>\n<meta property=\"og:title\" content=\"R\u00f8dvig Ferieby hat die Anlage von R\u00f8dvig Camping \u00fcbernommen.\" \/>\n<meta property=\"og:description\" content=\"R\u00f8dvig Camping hei\u00dft jetzt Feriebyens Camping Am 1. Februar 2024 hat R\u00f8dvig Ferieby die Anlage von R\u00f8dvig Camping \u00fcbernommen.\" \/>\n<meta property=\"og:url\" content=\"https:\/\/www.feriebyenscamping.dk\/de\/roedvig-camping-heisst-jetzt-feriebyens-camping\/\" \/>\n<meta property=\"og:site_name\" content=\"Feriebyens Camping\" \/>\n<meta property=\"article:publisher\" content=\"https:\/\/www.facebook.com\/roedvigferieby\" \/>\n<meta property=\"article:modified_time\" content=\"2025-06-24T12:34:57+00:00\" \/>\n<meta property=\"og:image\" content=\"https:\/\/www.feriebyenscamping.dk\/wp-content\/uploads\/2024\/01\/Feriebyens-Camping--jpeg.webp\" \/>\n\t<meta property=\"og:image:width\" content=\"1440\" \/>\n\t<meta property=\"og:image:height\" content=\"960\" \/>\n\t<meta property=\"og:image:type\" content=\"image\/jpeg\" \/>\n<meta name=\"twitter:card\" content=\"summary_large_image\" \/>\n<meta name=\"twitter:label1\" content=\"Gesch\u00e4tzte Lesezeit\" \/>\n\t<meta name=\"twitter:data1\" content=\"1\u00a0Minute\" \/>\n<script type=\"application\/ld+json\" class=\"yoast-schema-graph\">{\"@context\":\"https:\\\/\\\/schema.org\",\"@graph\":[{\"@type\":\"WebPage\",\"@id\":\"https:\\\/\\\/www.feriebyenscamping.dk\\\/de\\\/roedvig-camping-heisst-jetzt-feriebyens-camping\\\/\",\"url\":\"https:\\\/\\\/www.feriebyenscamping.dk\\\/de\\\/roedvig-camping-heisst-jetzt-feriebyens-camping\\\/\",\"name\":\"R\u00f8dvig Ferieby hat die Anlage von R\u00f8dvig Camping \u00fcbernommen.\",\"isPartOf\":{\"@id\":\"https:\\\/\\\/www.feriebyenscamping.dk\\\/de\\\/#website\"},\"primaryImageOfPage\":{\"@id\":\"https:\\\/\\\/www.feriebyenscamping.dk\\\/de\\\/roedvig-camping-heisst-jetzt-feriebyens-camping\\\/#primaryimage\"},\"image\":{\"@id\":\"https:\\\/\\\/www.feriebyenscamping.dk\\\/de\\\/roedvig-camping-heisst-jetzt-feriebyens-camping\\\/#primaryimage\"},\"thumbnailUrl\":\"https:\\\/\\\/www.feriebyenscamping.dk\\\/wp-content\\\/uploads\\\/2024\\\/01\\\/Feriebyens-Camping--jpeg.webp\",\"datePublished\":\"2024-02-02T15:33:17+00:00\",\"dateModified\":\"2025-06-24T12:34:57+00:00\",\"description\":\"R\u00f8dvig Camping hei\u00dft jetzt Feriebyens Camping Am 1. Februar 2024 hat R\u00f8dvig Ferieby die Anlage von R\u00f8dvig Camping \u00fcbernommen.\",\"breadcrumb\":{\"@id\":\"https:\\\/\\\/www.feriebyenscamping.dk\\\/de\\\/roedvig-camping-heisst-jetzt-feriebyens-camping\\\/#breadcrumb\"},\"inLanguage\":\"de\",\"potentialAction\":[{\"@type\":\"ReadAction\",\"target\":[\"https:\\\/\\\/www.feriebyenscamping.dk\\\/de\\\/roedvig-camping-heisst-jetzt-feriebyens-camping\\\/\"]}]},{\"@type\":\"ImageObject\",\"inLanguage\":\"de\",\"@id\":\"https:\\\/\\\/www.feriebyenscamping.dk\\\/de\\\/roedvig-camping-heisst-jetzt-feriebyens-camping\\\/#primaryimage\",\"url\":\"https:\\\/\\\/www.feriebyenscamping.dk\\\/wp-content\\\/uploads\\\/2024\\\/01\\\/Feriebyens-Camping--jpeg.webp\",\"contentUrl\":\"https:\\\/\\\/www.feriebyenscamping.dk\\\/wp-content\\\/uploads\\\/2024\\\/01\\\/Feriebyens-Camping--jpeg.webp\",\"width\":1440,\"height\":960,\"caption\":\"Feriebyens Camping i R\u00f8dvig I Ferie i natursk\u00f8nne omgivelser I T\u00e6t ved Stevns Klint\"},{\"@type\":\"BreadcrumbList\",\"@id\":\"https:\\\/\\\/www.feriebyenscamping.dk\\\/de\\\/roedvig-camping-heisst-jetzt-feriebyens-camping\\\/#breadcrumb\",\"itemListElement\":[{\"@type\":\"ListItem\",\"position\":1,\"name\":\"Hjem\",\"item\":\"https:\\\/\\\/www.feriebyenscamping.dk\\\/de\\\/\"},{\"@type\":\"ListItem\",\"position\":2,\"name\":\"R\u00f8dvig Camping hei\u00dft jetzt Feriebyens Camping\"}]},{\"@type\":\"WebSite\",\"@id\":\"https:\\\/\\\/www.feriebyenscamping.dk\\\/de\\\/#website\",\"url\":\"https:\\\/\\\/www.feriebyenscamping.dk\\\/de\\\/\",\"name\":\"Feriebyens Camping\",\"description\":\"Camping i R\u00f8dvig I Stevns Klint\",\"publisher\":{\"@id\":\"https:\\\/\\\/www.feriebyenscamping.dk\\\/de\\\/#organization\"},\"potentialAction\":[{\"@type\":\"SearchAction\",\"target\":{\"@type\":\"EntryPoint\",\"urlTemplate\":\"https:\\\/\\\/www.feriebyenscamping.dk\\\/de\\\/?s={search_term_string}\"},\"query-input\":{\"@type\":\"PropertyValueSpecification\",\"valueRequired\":true,\"valueName\":\"search_term_string\"}}],\"inLanguage\":\"de\"},{\"@type\":\"Organization\",\"@id\":\"https:\\\/\\\/www.feriebyenscamping.dk\\\/de\\\/#organization\",\"name\":\"Feriebyens Camping\",\"url\":\"https:\\\/\\\/www.feriebyenscamping.dk\\\/de\\\/\",\"logo\":{\"@type\":\"ImageObject\",\"inLanguage\":\"de\",\"@id\":\"https:\\\/\\\/www.feriebyenscamping.dk\\\/de\\\/#\\\/schema\\\/logo\\\/image\\\/\",\"url\":\"https:\\\/\\\/www.feriebyenscamping.dk\\\/wp-content\\\/uploads\\\/2022\\\/11\\\/RF-LOGO.png\",\"contentUrl\":\"https:\\\/\\\/www.feriebyenscamping.dk\\\/wp-content\\\/uploads\\\/2022\\\/11\\\/RF-LOGO.png\",\"width\":700,\"height\":250,\"caption\":\"Feriebyens Camping\"},\"image\":{\"@id\":\"https:\\\/\\\/www.feriebyenscamping.dk\\\/de\\\/#\\\/schema\\\/logo\\\/image\\\/\"},\"sameAs\":[\"https:\\\/\\\/www.facebook.com\\\/roedvigferieby\",\"https:\\\/\\\/www.instagram.com\\\/roedvigferieby\\\/\"]}]}<\/script>\n<!-- \/ Yoast SEO plugin. -->","yoast_head_json":{"title":"R\u00f8dvig Ferieby hat die Anlage von R\u00f8dvig Camping \u00fcbernommen.","description":"R\u00f8dvig Camping hei\u00dft jetzt Feriebyens Camping Am 1. Februar 2024 hat R\u00f8dvig Ferieby die Anlage von R\u00f8dvig Camping \u00fcbernommen.","robots":{"index":"index","follow":"follow","max-snippet":"max-snippet:-1","max-image-preview":"max-image-preview:large","max-video-preview":"max-video-preview:-1"},"canonical":"https:\/\/www.feriebyenscamping.dk\/de\/roedvig-camping-heisst-jetzt-feriebyens-camping\/","og_locale":"de_DE","og_type":"article","og_title":"R\u00f8dvig Ferieby hat die Anlage von R\u00f8dvig Camping \u00fcbernommen.","og_description":"R\u00f8dvig Camping hei\u00dft jetzt Feriebyens Camping Am 1. Februar 2024 hat R\u00f8dvig Ferieby die Anlage von R\u00f8dvig Camping \u00fcbernommen.","og_url":"https:\/\/www.feriebyenscamping.dk\/de\/roedvig-camping-heisst-jetzt-feriebyens-camping\/","og_site_name":"Feriebyens Camping","article_publisher":"https:\/\/www.facebook.com\/roedvigferieby","article_modified_time":"2025-06-24T12:34:57+00:00","og_image":[{"width":1440,"height":960,"url":"https:\/\/www.feriebyenscamping.dk\/wp-content\/uploads\/2024\/01\/Feriebyens-Camping--jpeg.webp","type":"image\/jpeg"}],"twitter_card":"summary_large_image","twitter_misc":{"Gesch\u00e4tzte Lesezeit":"1\u00a0Minute"},"schema":{"@context":"https:\/\/schema.org","@graph":[{"@type":"WebPage","@id":"https:\/\/www.feriebyenscamping.dk\/de\/roedvig-camping-heisst-jetzt-feriebyens-camping\/","url":"https:\/\/www.feriebyenscamping.dk\/de\/roedvig-camping-heisst-jetzt-feriebyens-camping\/","name":"R\u00f8dvig Ferieby hat die Anlage von R\u00f8dvig Camping \u00fcbernommen.","isPartOf":{"@id":"https:\/\/www.feriebyenscamping.dk\/de\/#website"},"primaryImageOfPage":{"@id":"https:\/\/www.feriebyenscamping.dk\/de\/roedvig-camping-heisst-jetzt-feriebyens-camping\/#primaryimage"},"image":{"@id":"https:\/\/www.feriebyenscamping.dk\/de\/roedvig-camping-heisst-jetzt-feriebyens-camping\/#primaryimage"},"thumbnailUrl":"https:\/\/www.feriebyenscamping.dk\/wp-content\/uploads\/2024\/01\/Feriebyens-Camping--jpeg.webp","datePublished":"2024-02-02T15:33:17+00:00","dateModified":"2025-06-24T12:34:57+00:00","description":"R\u00f8dvig Camping hei\u00dft jetzt Feriebyens Camping Am 1. Februar 2024 hat R\u00f8dvig Ferieby die Anlage von R\u00f8dvig Camping \u00fcbernommen.","breadcrumb":{"@id":"https:\/\/www.feriebyenscamping.dk\/de\/roedvig-camping-heisst-jetzt-feriebyens-camping\/#breadcrumb"},"inLanguage":"de","potentialAction":[{"@type":"ReadAction","target":["https:\/\/www.feriebyenscamping.dk\/de\/roedvig-camping-heisst-jetzt-feriebyens-camping\/"]}]},{"@type":"ImageObject","inLanguage":"de","@id":"https:\/\/www.feriebyenscamping.dk\/de\/roedvig-camping-heisst-jetzt-feriebyens-camping\/#primaryimage","url":"https:\/\/www.feriebyenscamping.dk\/wp-content\/uploads\/2024\/01\/Feriebyens-Camping--jpeg.webp","contentUrl":"https:\/\/www.feriebyenscamping.dk\/wp-content\/uploads\/2024\/01\/Feriebyens-Camping--jpeg.webp","width":1440,"height":960,"caption":"Feriebyens Camping i R\u00f8dvig I Ferie i natursk\u00f8nne omgivelser I T\u00e6t ved Stevns Klint"},{"@type":"BreadcrumbList","@id":"https:\/\/www.feriebyenscamping.dk\/de\/roedvig-camping-heisst-jetzt-feriebyens-camping\/#breadcrumb","itemListElement":[{"@type":"ListItem","position":1,"name":"Hjem","item":"https:\/\/www.feriebyenscamping.dk\/de\/"},{"@type":"ListItem","position":2,"name":"R\u00f8dvig Camping hei\u00dft jetzt Feriebyens Camping"}]},{"@type":"WebSite","@id":"https:\/\/www.feriebyenscamping.dk\/de\/#website","url":"https:\/\/www.feriebyenscamping.dk\/de\/","name":"Feriebyens Camping","description":"Camping i R\u00f8dvig I Stevns Klint","publisher":{"@id":"https:\/\/www.feriebyenscamping.dk\/de\/#organization"},"potentialAction":[{"@type":"SearchAction","target":{"@type":"EntryPoint","urlTemplate":"https:\/\/www.feriebyenscamping.dk\/de\/?s={search_term_string}"},"query-input":{"@type":"PropertyValueSpecification","valueRequired":true,"valueName":"search_term_string"}}],"inLanguage":"de"},{"@type":"Organization","@id":"https:\/\/www.feriebyenscamping.dk\/de\/#organization","name":"Feriebyens Camping","url":"https:\/\/www.feriebyenscamping.dk\/de\/","logo":{"@type":"ImageObject","inLanguage":"de","@id":"https:\/\/www.feriebyenscamping.dk\/de\/#\/schema\/logo\/image\/","url":"https:\/\/www.feriebyenscamping.dk\/wp-content\/uploads\/2022\/11\/RF-LOGO.png","contentUrl":"https:\/\/www.feriebyenscamping.dk\/wp-content\/uploads\/2022\/11\/RF-LOGO.png","width":700,"height":250,"caption":"Feriebyens Camping"},"image":{"@id":"https:\/\/www.feriebyenscamping.dk\/de\/#\/schema\/logo\/image\/"},"sameAs":["https:\/\/www.facebook.com\/roedvigferieby","https:\/\/www.instagram.com\/roedvigferieby\/"]}]}},"_links":{"self":[{"href":"https:\/\/www.feriebyenscamping.dk\/de\/wp-json\/wp\/v2\/pages\/6249","targetHints":{"allow":["GET"]}}],"collection":[{"href":"https:\/\/www.feriebyenscamping.dk\/de\/wp-json\/wp\/v2\/pages"}],"about":[{"href":"https:\/\/www.feriebyenscamping.dk\/de\/wp-json\/wp\/v2\/types\/page"}],"author":[{"embeddable":true,"href":"https:\/\/www.feriebyenscamping.dk\/de\/wp-json\/wp\/v2\/users\/1"}],"replies":[{"embeddable":true,"href":"https:\/\/www.feriebyenscamping.dk\/de\/wp-json\/wp\/v2\/comments?post=6249"}],"version-history":[{"count":0,"href":"https:\/\/www.feriebyenscamping.dk\/de\/wp-json\/wp\/v2\/pages\/6249\/revisions"}],"wp:featuredmedia":[{"embeddable":true,"href":"https:\/\/www.feriebyenscamping.dk\/de\/wp-json\/wp\/v2\/media\/5153"}],"wp:attachment":[{"href":"https:\/\/www.feriebyenscamping.dk\/de\/wp-json\/wp\/v2\/media?parent=6249"}],"curies":[{"name":"wp","href":"https:\/\/api.w.org\/{rel}","templated":true}]}}