{"id":3273,"date":"2022-12-06T11:22:14","date_gmt":"2022-12-06T10:22:14","guid":{"rendered":"https:\/\/www.feriebyenscamping.dk\/ny\/?page_id=3273"},"modified":"2025-09-04T12:21:54","modified_gmt":"2025-09-04T10:21:54","slug":"kontakt","status":"publish","type":"page","link":"https:\/\/www.feriebyenscamping.dk\/de\/kontakt\/","title":{"rendered":"Kontakt"},"content":{"rendered":"\t\t<div data-elementor-type=\"wp-page\" data-elementor-id=\"3273\" class=\"elementor elementor-3273 elementor-1058\" data-elementor-post-type=\"page\">\n\t\t\t\t\t\t<section data-particle_enable=\"false\" data-particle-mobile-disabled=\"false\" class=\"elementor-section elementor-top-section elementor-element elementor-element-728da59b elementor-section-content-bottom elementor-section-height-min-height elementor-section-boxed elementor-section-height-default elementor-section-items-middle\" data-id=\"728da59b\" data-element_type=\"section\" data-e-type=\"section\" data-settings=\"{&quot;background_background&quot;:&quot;classic&quot;}\">\n\t\t\t\t\t\t\t<div class=\"elementor-background-overlay\"><\/div>\n\t\t\t\t\t\t\t<div class=\"elementor-container elementor-column-gap-default\">\n\t\t\t\t\t<div class=\"elementor-column elementor-col-100 elementor-top-column elementor-element elementor-element-21628274\" data-id=\"21628274\" data-element_type=\"column\" data-e-type=\"column\">\n\t\t\t<div class=\"elementor-widget-wrap elementor-element-populated\">\n\t\t\t\t\t\t\t<\/div>\n\t\t<\/div>\n\t\t\t\t\t<\/div>\n\t\t<\/section>\n\t\t\t\t<section data-particle_enable=\"false\" data-particle-mobile-disabled=\"false\" class=\"elementor-section elementor-top-section elementor-element elementor-element-69113da2 elementor-section-content-top elementor-reverse-mobile elementor-section-boxed elementor-section-height-default elementor-section-height-default\" data-id=\"69113da2\" data-element_type=\"section\" data-e-type=\"section\" data-settings=\"{&quot;background_background&quot;:&quot;classic&quot;}\">\n\t\t\t\t\t\t<div class=\"elementor-container elementor-column-gap-default\">\n\t\t\t\t\t<div class=\"elementor-column elementor-col-100 elementor-top-column elementor-element elementor-element-116286c9\" data-id=\"116286c9\" data-element_type=\"column\" data-e-type=\"column\">\n\t\t\t<div class=\"elementor-widget-wrap elementor-element-populated\">\n\t\t\t\t\t\t<div class=\"elementor-element elementor-element-219abdf9 elementor-widget elementor-widget-heading\" data-id=\"219abdf9\" data-element_type=\"widget\" data-e-type=\"widget\" data-widget_type=\"heading.default\">\n\t\t\t\t<div class=\"elementor-widget-container\">\n\t\t\t\t\t<h1 class=\"elementor-heading-title elementor-size-default\">Kontakt <\/h1>\t\t\t\t<\/div>\n\t\t\t\t<\/div>\n\t\t\t\t<div class=\"elementor-element elementor-element-6e7236ed elementor-widget elementor-widget-text-editor\" data-id=\"6e7236ed\" data-element_type=\"widget\" data-e-type=\"widget\" data-widget_type=\"text-editor.default\">\n\t\t\t\t<div class=\"elementor-widget-container\">\n\t\t\t\t\t\t\t\t\t<h3 style=\"text-align: center;\"><strong>Feriebyens Camping<\/strong><\/h3>\n<p style=\"text-align: center;\">H\u00f8jstrupvej 2A, 4673 R\u00f8dvig Stevns<br \/>email@feriebyenscamping.dk<br \/>Tel: (45) 20170718<\/p>\n\t\t\t\t\t\t\t\t<\/div>\n\t\t\t\t<\/div>\n\t\t\t\t<div class=\"elementor-element elementor-element-93ba8bd elementor-widget elementor-widget-text-editor\" data-id=\"93ba8bd\" data-element_type=\"widget\" data-e-type=\"widget\" data-widget_type=\"text-editor.default\">\n\t\t\t\t<div class=\"elementor-widget-container\">\n\t\t\t\t\t\t\t\t\t<div class=\"wpforms-container wpforms-container-full\" id=\"wpforms-3276\"><form id=\"wpforms-form-3276\" class=\"wpforms-validate wpforms-form wpforms-ajax-form\" data-formid=\"3276\" method=\"post\" enctype=\"multipart\/form-data\" action=\"\/de\/wp-json\/wp\/v2\/pages\/3273\" data-token=\"277150ca5b9ad09df19ed515be5be649\" data-token-time=\"1776357629\"><noscript class=\"wpforms-error-noscript\">Bitte aktiviere JavaScript in deinem Browser, um dieses Formular fertigzustellen.<\/noscript><div class=\"wpforms-field-container\"><div id=\"wpforms-3276-field_0-container\" class=\"wpforms-field wpforms-field-name\" data-field-id=\"0\"><label class=\"wpforms-field-label\" for=\"wpforms-3276-field_0\">Name <span class=\"wpforms-required-label\">*<\/span><\/label><input type=\"text\" id=\"wpforms-3276-field_0\" class=\"wpforms-field-medium wpforms-field-required\" name=\"wpforms[fields][0]\" required><\/div><div id=\"wpforms-3276-field_1-container\" class=\"wpforms-field wpforms-field-email\" data-field-id=\"1\"><label class=\"wpforms-field-label\" for=\"wpforms-3276-field_1\">E-mail <span class=\"wpforms-required-label\">*<\/span><\/label><input type=\"email\" id=\"wpforms-3276-field_1\" class=\"wpforms-field-medium wpforms-field-required\" name=\"wpforms[fields][1]\" spellcheck=\"false\" required><\/div><div id=\"wpforms-3276-field_2-container\" class=\"wpforms-field wpforms-field-textarea\" data-field-id=\"2\"><label class=\"wpforms-field-label\" for=\"wpforms-3276-field_2\">Schreibe deine Nachricht hier<\/label><textarea id=\"wpforms-3276-field_2\" class=\"wpforms-field-medium\" name=\"wpforms[fields][2]\" ><\/textarea><\/div><div id=\"wpforms-3276-field_3-container\" class=\"wpforms-field wpforms-field-captcha\" data-field-id=\"3\"><label class=\"wpforms-field-label\" for=\"wpforms-3276-field_3\">Bist du ein Mensch? <span class=\"wpforms-required-label\">*<\/span><\/label>\t\t\t<div class=\"wpforms-captcha-math\">\n\t\t\t\t<span id=\"wpforms-3276-field_3-question\" class=\"wpforms-captcha-equation\">\n\t\t\t\t\t<span class=\"n1\">1<\/span>\n\t\t\t\t\t\t\t<span class=\"cal\">*<\/span>\n\t\t\t\t\t\t\t<span class=\"n2\">15<\/span>\t\t\t\t\t<span class=\"e\">=<\/span>\n\t\t\t\t<\/span>\n\t\t\t\t<input type=\"text\" id=\"wpforms-3276-field_3\" class=\"wpforms-field-medium wpforms-field-required a\" data-rule-wpf-captcha=\"math\" data-is-wrapped-field=\"1\" name=\"wpforms[fields][3][a]\" aria-describedby=\"wpforms-3276-field_3-question\" required>\t\t\t\t<input type=\"hidden\" name=\"wpforms[fields][3][cal]\" class=\"cal\">\n\t\t\t\t<input type=\"hidden\" name=\"wpforms[fields][3][n2]\" class=\"n2\">\n\t\t\t\t<input type=\"hidden\" name=\"wpforms[fields][3][n1]\" class=\"n1\">\n\t\t\t<\/div>\n\t\t\t<\/div><\/div><!-- .wpforms-field-container --><div class=\"wpforms-submit-container\" ><input type=\"hidden\" name=\"wpforms[id]\" value=\"3276\"><input type=\"hidden\" name=\"page_title\" value=\"\"><input type=\"hidden\" name=\"page_url\" value=\"https:\/\/www.feriebyenscamping.dk\/de\/wp-json\/wp\/v2\/pages\/3273\"><input type=\"hidden\" name=\"url_referer\" value=\"\"><button type=\"submit\" name=\"wpforms[submit]\" id=\"wpforms-submit-3276\" class=\"wpforms-submit\" data-alt-text=\"Senden...\" data-submit-text=\"Senden\" aria-live=\"assertive\" value=\"wpforms-submit\">Senden<\/button><img decoding=\"async\" src=\"https:\/\/www.feriebyenscamping.dk\/wp-content\/plugins\/wpforms\/assets\/images\/submit-spin.svg\" class=\"wpforms-submit-spinner\" style=\"display: none;\" width=\"26\" height=\"26\" alt=\"Wird geladen\"><\/div><\/form><\/div>  <!-- .wpforms-container -->\t\t\t\t\t\t\t\t<\/div>\n\t\t\t\t<\/div>\n\t\t\t\t<div class=\"elementor-element elementor-element-71de8c0f elementor-widget elementor-widget-image\" data-id=\"71de8c0f\" data-element_type=\"widget\" data-e-type=\"widget\" loading=\"lazy\" data-widget_type=\"image.default\">\n\t\t\t\t<div class=\"elementor-widget-container\">\n\t\t\t\t\t\t\t\t\t\t\t\t\t\t\t<img fetchpriority=\"high\" decoding=\"async\" width=\"2560\" height=\"1706\" src=\"https:\/\/www.feriebyenscamping.dk\/wp-content\/uploads\/2023\/11\/Mette-og-Claus-scaled-1-jpeg.webp\" class=\"attachment-full size-full wp-image-4737\" alt=\"R\u00f8dvig Ferieby I Ferie I B&amp;B I Konference I Natursk\u00f8nne omgivelser med skov, marker, kyst og klint i n\u00e6rheden\" \/>\t\t\t\t\t\t\t\t\t\t\t\t\t\t\t<\/div>\n\t\t\t\t<\/div>\n\t\t\t\t\t<\/div>\n\t\t<\/div>\n\t\t\t\t\t<\/div>\n\t\t<\/section>\n\t\t\t\t<\/div>\n\t\t","protected":false},"excerpt":{"rendered":"<p>Kontakt Feriebyens Camping H\u00f8jstrupvej 2A, 4673 R\u00f8dvig Stevnsemail@feriebyenscamping.dkTel: (45) 20170718<\/p>\n","protected":false},"author":3,"featured_media":0,"parent":0,"menu_order":0,"comment_status":"closed","ping_status":"closed","template":"elementor_header_footer","meta":{"footnotes":""},"class_list":["post-3273","page","type-page","status-publish","hentry"],"yoast_head":"<!-- This site is optimized with the Yoast SEO plugin v27.4 - https:\/\/yoast.com\/product\/yoast-seo-wordpress\/ -->\n<title>Kontakt Feriebyens Camping per E-Mail oder Telefon \u2709\ufe0f<\/title>\n<meta name=\"description\" content=\"Kontakt Feriebyens Camping | H\u00f8jstrupvej 2A, 4673 R\u00f8dvig Stevns, D\u00e4nemark | e-mail: email@feriebyenscamping.dk\" \/>\n<meta name=\"robots\" content=\"index, follow, max-snippet:-1, max-image-preview:large, max-video-preview:-1\" \/>\n<link rel=\"canonical\" href=\"https:\/\/www.feriebyenscamping.dk\/de\/kontakt\/\" \/>\n<meta property=\"og:locale\" content=\"de_DE\" \/>\n<meta property=\"og:type\" content=\"article\" \/>\n<meta property=\"og:title\" content=\"Kontakt Feriebyens Camping per E-Mail oder Telefon \u2709\ufe0f\" \/>\n<meta property=\"og:description\" content=\"Kontakt Feriebyens Camping | H\u00f8jstrupvej 2A, 4673 R\u00f8dvig Stevns, D\u00e4nemark | e-mail: email@feriebyenscamping.dk\" \/>\n<meta property=\"og:url\" content=\"https:\/\/www.feriebyenscamping.dk\/de\/kontakt\/\" \/>\n<meta property=\"og:site_name\" content=\"Feriebyens Camping\" \/>\n<meta property=\"article:publisher\" content=\"https:\/\/www.facebook.com\/roedvigferieby\" \/>\n<meta property=\"article:modified_time\" content=\"2025-09-04T10:21:54+00:00\" \/>\n<meta property=\"og:image\" content=\"https:\/\/www.feriebyenscamping.dk\/wp-content\/uploads\/2023\/11\/Mette-og-Claus-scaled-1-jpeg.webp\" \/>\n<meta name=\"twitter:card\" content=\"summary_large_image\" \/>\n<meta name=\"twitter:label1\" content=\"Gesch\u00e4tzte Lesezeit\" \/>\n\t<meta name=\"twitter:data1\" content=\"1\u00a0Minute\" \/>\n<script type=\"application\/ld+json\" class=\"yoast-schema-graph\">{\"@context\":\"https:\\\/\\\/schema.org\",\"@graph\":[{\"@type\":\"WebPage\",\"@id\":\"https:\\\/\\\/www.feriebyenscamping.dk\\\/de\\\/kontakt\\\/\",\"url\":\"https:\\\/\\\/www.feriebyenscamping.dk\\\/de\\\/kontakt\\\/\",\"name\":\"Kontakt Feriebyens Camping per E-Mail oder Telefon \u2709\ufe0f\",\"isPartOf\":{\"@id\":\"https:\\\/\\\/www.feriebyenscamping.dk\\\/de\\\/#website\"},\"primaryImageOfPage\":{\"@id\":\"https:\\\/\\\/www.feriebyenscamping.dk\\\/de\\\/kontakt\\\/#primaryimage\"},\"image\":{\"@id\":\"https:\\\/\\\/www.feriebyenscamping.dk\\\/de\\\/kontakt\\\/#primaryimage\"},\"thumbnailUrl\":\"https:\\\/\\\/www.feriebyenscamping.dk\\\/wp-content\\\/uploads\\\/2023\\\/11\\\/Mette-og-Claus-scaled-1-jpeg.webp\",\"datePublished\":\"2022-12-06T10:22:14+00:00\",\"dateModified\":\"2025-09-04T10:21:54+00:00\",\"description\":\"Kontakt Feriebyens Camping | H\u00f8jstrupvej 2A, 4673 R\u00f8dvig Stevns, D\u00e4nemark | e-mail: email@feriebyenscamping.dk\",\"breadcrumb\":{\"@id\":\"https:\\\/\\\/www.feriebyenscamping.dk\\\/de\\\/kontakt\\\/#breadcrumb\"},\"inLanguage\":\"de\",\"potentialAction\":[{\"@type\":\"ReadAction\",\"target\":[\"https:\\\/\\\/www.feriebyenscamping.dk\\\/de\\\/kontakt\\\/\"]}]},{\"@type\":\"ImageObject\",\"inLanguage\":\"de\",\"@id\":\"https:\\\/\\\/www.feriebyenscamping.dk\\\/de\\\/kontakt\\\/#primaryimage\",\"url\":\"https:\\\/\\\/www.feriebyenscamping.dk\\\/wp-content\\\/uploads\\\/2023\\\/11\\\/Mette-og-Claus-scaled-1-jpeg.webp\",\"contentUrl\":\"https:\\\/\\\/www.feriebyenscamping.dk\\\/wp-content\\\/uploads\\\/2023\\\/11\\\/Mette-og-Claus-scaled-1-jpeg.webp\"},{\"@type\":\"BreadcrumbList\",\"@id\":\"https:\\\/\\\/www.feriebyenscamping.dk\\\/de\\\/kontakt\\\/#breadcrumb\",\"itemListElement\":[{\"@type\":\"ListItem\",\"position\":1,\"name\":\"Hjem\",\"item\":\"https:\\\/\\\/www.feriebyenscamping.dk\\\/de\\\/\"},{\"@type\":\"ListItem\",\"position\":2,\"name\":\"Kontakt\"}]},{\"@type\":\"WebSite\",\"@id\":\"https:\\\/\\\/www.feriebyenscamping.dk\\\/de\\\/#website\",\"url\":\"https:\\\/\\\/www.feriebyenscamping.dk\\\/de\\\/\",\"name\":\"Feriebyens Camping\",\"description\":\"Camping i R\u00f8dvig I Stevns Klint\",\"publisher\":{\"@id\":\"https:\\\/\\\/www.feriebyenscamping.dk\\\/de\\\/#organization\"},\"potentialAction\":[{\"@type\":\"SearchAction\",\"target\":{\"@type\":\"EntryPoint\",\"urlTemplate\":\"https:\\\/\\\/www.feriebyenscamping.dk\\\/de\\\/?s={search_term_string}\"},\"query-input\":{\"@type\":\"PropertyValueSpecification\",\"valueRequired\":true,\"valueName\":\"search_term_string\"}}],\"inLanguage\":\"de\"},{\"@type\":\"Organization\",\"@id\":\"https:\\\/\\\/www.feriebyenscamping.dk\\\/de\\\/#organization\",\"name\":\"Feriebyens Camping\",\"url\":\"https:\\\/\\\/www.feriebyenscamping.dk\\\/de\\\/\",\"logo\":{\"@type\":\"ImageObject\",\"inLanguage\":\"de\",\"@id\":\"https:\\\/\\\/www.feriebyenscamping.dk\\\/de\\\/#\\\/schema\\\/logo\\\/image\\\/\",\"url\":\"https:\\\/\\\/www.feriebyenscamping.dk\\\/wp-content\\\/uploads\\\/2022\\\/11\\\/RF-LOGO.png\",\"contentUrl\":\"https:\\\/\\\/www.feriebyenscamping.dk\\\/wp-content\\\/uploads\\\/2022\\\/11\\\/RF-LOGO.png\",\"width\":700,\"height\":250,\"caption\":\"Feriebyens Camping\"},\"image\":{\"@id\":\"https:\\\/\\\/www.feriebyenscamping.dk\\\/de\\\/#\\\/schema\\\/logo\\\/image\\\/\"},\"sameAs\":[\"https:\\\/\\\/www.facebook.com\\\/roedvigferieby\",\"https:\\\/\\\/www.instagram.com\\\/roedvigferieby\\\/\"]}]}<\/script>\n<!-- \/ Yoast SEO plugin. -->","yoast_head_json":{"title":"Kontakt Feriebyens Camping per E-Mail oder Telefon \u2709\ufe0f","description":"Kontakt Feriebyens Camping | H\u00f8jstrupvej 2A, 4673 R\u00f8dvig Stevns, D\u00e4nemark | e-mail: email@feriebyenscamping.dk","robots":{"index":"index","follow":"follow","max-snippet":"max-snippet:-1","max-image-preview":"max-image-preview:large","max-video-preview":"max-video-preview:-1"},"canonical":"https:\/\/www.feriebyenscamping.dk\/de\/kontakt\/","og_locale":"de_DE","og_type":"article","og_title":"Kontakt Feriebyens Camping per E-Mail oder Telefon \u2709\ufe0f","og_description":"Kontakt Feriebyens Camping | H\u00f8jstrupvej 2A, 4673 R\u00f8dvig Stevns, D\u00e4nemark | e-mail: email@feriebyenscamping.dk","og_url":"https:\/\/www.feriebyenscamping.dk\/de\/kontakt\/","og_site_name":"Feriebyens Camping","article_publisher":"https:\/\/www.facebook.com\/roedvigferieby","article_modified_time":"2025-09-04T10:21:54+00:00","og_image":[{"url":"https:\/\/www.feriebyenscamping.dk\/wp-content\/uploads\/2023\/11\/Mette-og-Claus-scaled-1-jpeg.webp","type":"","width":"","height":""}],"twitter_card":"summary_large_image","twitter_misc":{"Gesch\u00e4tzte Lesezeit":"1\u00a0Minute"},"schema":{"@context":"https:\/\/schema.org","@graph":[{"@type":"WebPage","@id":"https:\/\/www.feriebyenscamping.dk\/de\/kontakt\/","url":"https:\/\/www.feriebyenscamping.dk\/de\/kontakt\/","name":"Kontakt Feriebyens Camping per E-Mail oder Telefon \u2709\ufe0f","isPartOf":{"@id":"https:\/\/www.feriebyenscamping.dk\/de\/#website"},"primaryImageOfPage":{"@id":"https:\/\/www.feriebyenscamping.dk\/de\/kontakt\/#primaryimage"},"image":{"@id":"https:\/\/www.feriebyenscamping.dk\/de\/kontakt\/#primaryimage"},"thumbnailUrl":"https:\/\/www.feriebyenscamping.dk\/wp-content\/uploads\/2023\/11\/Mette-og-Claus-scaled-1-jpeg.webp","datePublished":"2022-12-06T10:22:14+00:00","dateModified":"2025-09-04T10:21:54+00:00","description":"Kontakt Feriebyens Camping | H\u00f8jstrupvej 2A, 4673 R\u00f8dvig Stevns, D\u00e4nemark | e-mail: email@feriebyenscamping.dk","breadcrumb":{"@id":"https:\/\/www.feriebyenscamping.dk\/de\/kontakt\/#breadcrumb"},"inLanguage":"de","potentialAction":[{"@type":"ReadAction","target":["https:\/\/www.feriebyenscamping.dk\/de\/kontakt\/"]}]},{"@type":"ImageObject","inLanguage":"de","@id":"https:\/\/www.feriebyenscamping.dk\/de\/kontakt\/#primaryimage","url":"https:\/\/www.feriebyenscamping.dk\/wp-content\/uploads\/2023\/11\/Mette-og-Claus-scaled-1-jpeg.webp","contentUrl":"https:\/\/www.feriebyenscamping.dk\/wp-content\/uploads\/2023\/11\/Mette-og-Claus-scaled-1-jpeg.webp"},{"@type":"BreadcrumbList","@id":"https:\/\/www.feriebyenscamping.dk\/de\/kontakt\/#breadcrumb","itemListElement":[{"@type":"ListItem","position":1,"name":"Hjem","item":"https:\/\/www.feriebyenscamping.dk\/de\/"},{"@type":"ListItem","position":2,"name":"Kontakt"}]},{"@type":"WebSite","@id":"https:\/\/www.feriebyenscamping.dk\/de\/#website","url":"https:\/\/www.feriebyenscamping.dk\/de\/","name":"Feriebyens Camping","description":"Camping i R\u00f8dvig I Stevns Klint","publisher":{"@id":"https:\/\/www.feriebyenscamping.dk\/de\/#organization"},"potentialAction":[{"@type":"SearchAction","target":{"@type":"EntryPoint","urlTemplate":"https:\/\/www.feriebyenscamping.dk\/de\/?s={search_term_string}"},"query-input":{"@type":"PropertyValueSpecification","valueRequired":true,"valueName":"search_term_string"}}],"inLanguage":"de"},{"@type":"Organization","@id":"https:\/\/www.feriebyenscamping.dk\/de\/#organization","name":"Feriebyens Camping","url":"https:\/\/www.feriebyenscamping.dk\/de\/","logo":{"@type":"ImageObject","inLanguage":"de","@id":"https:\/\/www.feriebyenscamping.dk\/de\/#\/schema\/logo\/image\/","url":"https:\/\/www.feriebyenscamping.dk\/wp-content\/uploads\/2022\/11\/RF-LOGO.png","contentUrl":"https:\/\/www.feriebyenscamping.dk\/wp-content\/uploads\/2022\/11\/RF-LOGO.png","width":700,"height":250,"caption":"Feriebyens Camping"},"image":{"@id":"https:\/\/www.feriebyenscamping.dk\/de\/#\/schema\/logo\/image\/"},"sameAs":["https:\/\/www.facebook.com\/roedvigferieby","https:\/\/www.instagram.com\/roedvigferieby\/"]}]}},"_links":{"self":[{"href":"https:\/\/www.feriebyenscamping.dk\/de\/wp-json\/wp\/v2\/pages\/3273","targetHints":{"allow":["GET"]}}],"collection":[{"href":"https:\/\/www.feriebyenscamping.dk\/de\/wp-json\/wp\/v2\/pages"}],"about":[{"href":"https:\/\/www.feriebyenscamping.dk\/de\/wp-json\/wp\/v2\/types\/page"}],"author":[{"embeddable":true,"href":"https:\/\/www.feriebyenscamping.dk\/de\/wp-json\/wp\/v2\/users\/3"}],"replies":[{"embeddable":true,"href":"https:\/\/www.feriebyenscamping.dk\/de\/wp-json\/wp\/v2\/comments?post=3273"}],"version-history":[{"count":3,"href":"https:\/\/www.feriebyenscamping.dk\/de\/wp-json\/wp\/v2\/pages\/3273\/revisions"}],"predecessor-version":[{"id":7664,"href":"https:\/\/www.feriebyenscamping.dk\/de\/wp-json\/wp\/v2\/pages\/3273\/revisions\/7664"}],"wp:attachment":[{"href":"https:\/\/www.feriebyenscamping.dk\/de\/wp-json\/wp\/v2\/media?parent=3273"}],"curies":[{"name":"wp","href":"https:\/\/api.w.org\/{rel}","templated":true}]}}