{"id":3182,"date":"2022-11-24T12:48:48","date_gmt":"2022-11-24T11:48:48","guid":{"rendered":"https:\/\/www.feriebyenscamping.dk\/ny\/?page_id=3182"},"modified":"2025-09-04T13:28:54","modified_gmt":"2025-09-04T11:28:54","slug":"startseite","status":"publish","type":"page","link":"https:\/\/www.feriebyenscamping.dk\/de\/","title":{"rendered":"Feriebyens Camping"},"content":{"rendered":"\t\t<div data-elementor-type=\"wp-page\" data-elementor-id=\"3182\" class=\"elementor elementor-3182 elementor-2\" data-elementor-post-type=\"page\">\n\t\t\t\t\t\t<section data-particle_enable=\"false\" data-particle-mobile-disabled=\"false\" class=\"elementor-section elementor-top-section elementor-element elementor-element-0384ad3 elementor-section-height-min-height elementor-section-content-bottom elementor-section-boxed elementor-section-height-default elementor-section-items-middle\" data-id=\"0384ad3\" data-element_type=\"section\" data-e-type=\"section\" data-settings=\"{&quot;background_background&quot;:&quot;classic&quot;}\">\n\t\t\t\t\t\t\t<div class=\"elementor-background-overlay\"><\/div>\n\t\t\t\t\t\t\t<div class=\"elementor-container elementor-column-gap-default\">\n\t\t\t\t\t<div class=\"elementor-column elementor-col-100 elementor-top-column elementor-element elementor-element-23db562\" data-id=\"23db562\" data-element_type=\"column\" data-e-type=\"column\">\n\t\t\t<div class=\"elementor-widget-wrap\">\n\t\t\t\t\t\t\t<\/div>\n\t\t<\/div>\n\t\t\t\t\t<\/div>\n\t\t<\/section>\n\t\t\t\t<section data-particle_enable=\"false\" data-particle-mobile-disabled=\"false\" class=\"elementor-section elementor-top-section elementor-element elementor-element-6bd59c1 elementor-section-content-top elementor-reverse-mobile elementor-section-boxed elementor-section-height-default elementor-section-height-default\" data-id=\"6bd59c1\" data-element_type=\"section\" data-e-type=\"section\" data-settings=\"{&quot;background_background&quot;:&quot;classic&quot;}\">\n\t\t\t\t\t\t<div class=\"elementor-container elementor-column-gap-default\">\n\t\t\t\t\t<div class=\"elementor-column elementor-col-100 elementor-top-column elementor-element elementor-element-1e5b1b51\" data-id=\"1e5b1b51\" data-element_type=\"column\" data-e-type=\"column\">\n\t\t\t<div class=\"elementor-widget-wrap elementor-element-populated\">\n\t\t\t\t\t\t<div class=\"elementor-element elementor-element-228fc0fc elementor-widget elementor-widget-heading\" data-id=\"228fc0fc\" data-element_type=\"widget\" data-e-type=\"widget\" data-widget_type=\"heading.default\">\n\t\t\t\t<div class=\"elementor-widget-container\">\n\t\t\t\t\t<h1 class=\"elementor-heading-title elementor-size-default\">Urlaub im Feriebyens Camping in R\u00f8dvig<\/h1>\t\t\t\t<\/div>\n\t\t\t\t<\/div>\n\t\t\t\t<div class=\"elementor-element elementor-element-5352bb2b elementor-widget elementor-widget-text-editor\" data-id=\"5352bb2b\" data-element_type=\"widget\" data-e-type=\"widget\" data-widget_type=\"text-editor.default\">\n\t\t\t\t<div class=\"elementor-widget-container\">\n\t\t\t\t\t\t\t\t\t<p>Feriebyens Camping in R\u00f8dvig bietet Ihnen die perfekten Voraussetzungen f\u00fcr einen Urlaub voller Gelassenheit, Spa\u00df und Entspannung.<\/p><p>Unsere Anlage liegt an der malerischen Steilk\u00fcste Stevns Klint umgeben von W\u00e4ldern und Str\u00e4nden. Dabei erm\u00f6glichen Ihnen die zahlreichen Aktivit\u00e4ten in der n\u00e4heren Umgebung einen fantastischen Urlaub.<\/p><p>Feriebyens Camping ist Teil des <strong><a href=\"https:\/\/roedvigferieby.dk\/de\/\" target=\"_blank\" rel=\"noopener\">R\u00f8dvig Ferieby<\/a><\/strong> (zu Deutsch \u201eR\u00f8dvig Feriendorf\u201d). Unser idyllisches Feriendorf liegt in der unmittelbaren N\u00e4he des Campingplatzes auf der anderen Seite des Feldes. Selbstverst\u00e4ndlich sind die G\u00e4ste unseres Campingplatzes jederzeit im Feriendorf willkommen. Sie sind herzlich dazu eingeladen, bei den zahlreichen Aktivit\u00e4ten im Feriendorf teilzunehmen.<\/p>\t\t\t\t\t\t\t\t<\/div>\n\t\t\t\t<\/div>\n\t\t\t\t<div class=\"elementor-element elementor-element-7aa2fc7a elementor-align-center elementor-widget elementor-widget-button\" data-id=\"7aa2fc7a\" data-element_type=\"widget\" data-e-type=\"widget\" data-widget_type=\"button.default\">\n\t\t\t\t<div class=\"elementor-widget-container\">\n\t\t\t\t\t\t\t\t\t<div class=\"elementor-button-wrapper\">\n\t\t\t\t\t<a class=\"elementor-button elementor-button-link elementor-size-sm\" href=\"https:\/\/v3.onlinebooking.dk\/v3rodcamp\">\n\t\t\t\t\t\t<span class=\"elementor-button-content-wrapper\">\n\t\t\t\t\t\t\t\t\t<span class=\"elementor-button-text\">Klicken Sie hier, um Ihren Aufenthalt zu buchen <\/span>\n\t\t\t\t\t<\/span>\n\t\t\t\t\t<\/a>\n\t\t\t\t<\/div>\n\t\t\t\t\t\t\t\t<\/div>\n\t\t\t\t<\/div>\n\t\t\t\t\t<\/div>\n\t\t<\/div>\n\t\t\t\t\t<\/div>\n\t\t<\/section>\n\t\t\t\t<section data-particle_enable=\"false\" data-particle-mobile-disabled=\"false\" class=\"elementor-section elementor-top-section elementor-element elementor-element-87acf37 elementor-section-boxed elementor-section-height-default elementor-section-height-default\" data-id=\"87acf37\" data-element_type=\"section\" data-e-type=\"section\" data-settings=\"{&quot;background_background&quot;:&quot;classic&quot;}\">\n\t\t\t\t\t\t\t<div class=\"elementor-background-overlay\"><\/div>\n\t\t\t\t\t\t\t<div class=\"elementor-container elementor-column-gap-default\">\n\t\t\t\t\t<div class=\"elementor-column elementor-col-25 elementor-top-column elementor-element elementor-element-978e8ae\" data-id=\"978e8ae\" data-element_type=\"column\" data-e-type=\"column\" data-settings=\"{&quot;background_background&quot;:&quot;classic&quot;}\">\n\t\t\t<div class=\"elementor-widget-wrap elementor-element-populated\">\n\t\t\t\t\t\t<div class=\"elementor-element elementor-element-71593c1 elementor-widget elementor-widget-heading\" data-id=\"71593c1\" data-element_type=\"widget\" data-e-type=\"widget\" data-widget_type=\"heading.default\">\n\t\t\t\t<div class=\"elementor-widget-container\">\n\t\t\t\t\t<h3 class=\"elementor-heading-title elementor-size-default\"><a href=\"https:\/\/www.feriebyenscamping.dk\/de\/camping\/\">Camping<\/a><\/h3>\t\t\t\t<\/div>\n\t\t\t\t<\/div>\n\t\t\t\t<div class=\"elementor-element elementor-element-febd4c3 elementor-widget elementor-widget-text-editor\" data-id=\"febd4c3\" data-element_type=\"widget\" data-e-type=\"widget\" data-widget_type=\"text-editor.default\">\n\t\t\t\t<div class=\"elementor-widget-container\">\n\t\t\t\t\t\t\t\t\t<p>Malerisches Camping in gr\u00fcner Umgebung \u2013 entweder in Wohnw\u00e4gen, Wohnmobilen, Zelten oder H\u00fctten.<\/p>\t\t\t\t\t\t\t\t<\/div>\n\t\t\t\t<\/div>\n\t\t\t\t<div class=\"elementor-element elementor-element-39af116 elementor-widget elementor-widget-image\" data-id=\"39af116\" data-element_type=\"widget\" data-e-type=\"widget\" data-widget_type=\"image.default\">\n\t\t\t\t<div class=\"elementor-widget-container\">\n\t\t\t\t\t\t\t\t\t\t\t\t\t\t\t\t<a href=\"https:\/\/www.feriebyenscamping.dk\/de\/camping\/\">\n\t\t\t\t\t\t\t<img fetchpriority=\"high\" decoding=\"async\" width=\"1500\" height=\"1125\" src=\"https:\/\/www.feriebyenscamping.dk\/wp-content\/uploads\/2025\/09\/Feriebyens-Camping.webp\" class=\"attachment-full size-full wp-image-7703\" alt=\"Feriebyens Camping i R\u00f8dvig | Camping t\u00e6t p\u00e5 strand, skov og klint | Natursk\u00f8nne omgivelser og dyb ro\" srcset=\"https:\/\/www.feriebyenscamping.dk\/wp-content\/uploads\/2025\/09\/Feriebyens-Camping.webp 1500w, https:\/\/www.feriebyenscamping.dk\/wp-content\/uploads\/2025\/09\/Feriebyens-Camping-300x225.webp 300w, https:\/\/www.feriebyenscamping.dk\/wp-content\/uploads\/2025\/09\/Feriebyens-Camping-1024x768.webp 1024w, https:\/\/www.feriebyenscamping.dk\/wp-content\/uploads\/2025\/09\/Feriebyens-Camping-768x576.webp 768w\" sizes=\"(max-width: 1500px) 100vw, 1500px\" \/>\t\t\t\t\t\t\t\t<\/a>\n\t\t\t\t\t\t\t\t\t\t\t\t\t\t\t<\/div>\n\t\t\t\t<\/div>\n\t\t\t\t\t<\/div>\n\t\t<\/div>\n\t\t\t\t<div class=\"elementor-column elementor-col-25 elementor-top-column elementor-element elementor-element-5ae103a\" data-id=\"5ae103a\" data-element_type=\"column\" data-e-type=\"column\" data-settings=\"{&quot;background_background&quot;:&quot;classic&quot;}\">\n\t\t\t<div class=\"elementor-widget-wrap elementor-element-populated\">\n\t\t\t\t\t\t<div class=\"elementor-element elementor-element-934ed45 elementor-widget elementor-widget-heading\" data-id=\"934ed45\" data-element_type=\"widget\" data-e-type=\"widget\" data-widget_type=\"heading.default\">\n\t\t\t\t<div class=\"elementor-widget-container\">\n\t\t\t\t\t<h3 class=\"elementor-heading-title elementor-size-default\"><a href=\"https:\/\/www.feriebyenscamping.dk\/de\/ferienhaeuser\/\">H\u00fctten<\/a><\/h3>\t\t\t\t<\/div>\n\t\t\t\t<\/div>\n\t\t\t\t<div class=\"elementor-element elementor-element-416a811 elementor-widget elementor-widget-text-editor\" data-id=\"416a811\" data-element_type=\"widget\" data-e-type=\"widget\" data-widget_type=\"text-editor.default\">\n\t\t\t\t<div class=\"elementor-widget-container\">\n\t\t\t\t\t\t\t\t\t<p>Hier finden Sie einen \u00dcberblick \u00fcber unsere 5 verschiedenen Arten von H\u00fctten. Die Fotos und Beschreibungen verschaffen Ihnen einen guten Eindruck \u00fcber den Aufbau und die Innenausstattung der unterschiedlichen H\u00fctten.<\/p>\t\t\t\t\t\t\t\t<\/div>\n\t\t\t\t<\/div>\n\t\t\t\t<div class=\"elementor-element elementor-element-6b7fd57 elementor-widget elementor-widget-image\" data-id=\"6b7fd57\" data-element_type=\"widget\" data-e-type=\"widget\" data-widget_type=\"image.default\">\n\t\t\t\t<div class=\"elementor-widget-container\">\n\t\t\t\t\t\t\t\t\t\t\t\t\t\t\t\t<a href=\"https:\/\/www.feriebyenscamping.dk\/de\/ferienhaeuser\/\">\n\t\t\t\t\t\t\t<img decoding=\"async\" width=\"800\" height=\"600\" src=\"https:\/\/www.feriebyenscamping.dk\/wp-content\/uploads\/2025\/09\/Kategori-5-1024x768.webp\" class=\"attachment-large size-large wp-image-7541\" alt=\"Feriebyens Camping i R\u00f8dvig | Camping t\u00e6t p\u00e5 strand, skov og klint | Natursk\u00f8nne omgivelser og dyb ro\" srcset=\"https:\/\/www.feriebyenscamping.dk\/wp-content\/uploads\/2025\/09\/Kategori-5-1024x768.webp 1024w, https:\/\/www.feriebyenscamping.dk\/wp-content\/uploads\/2025\/09\/Kategori-5-300x225.webp 300w, https:\/\/www.feriebyenscamping.dk\/wp-content\/uploads\/2025\/09\/Kategori-5-768x576.webp 768w, https:\/\/www.feriebyenscamping.dk\/wp-content\/uploads\/2025\/09\/Kategori-5.webp 1500w\" sizes=\"(max-width: 800px) 100vw, 800px\" \/>\t\t\t\t\t\t\t\t<\/a>\n\t\t\t\t\t\t\t\t\t\t\t\t\t\t\t<\/div>\n\t\t\t\t<\/div>\n\t\t\t\t\t<\/div>\n\t\t<\/div>\n\t\t\t\t<div class=\"elementor-column elementor-col-25 elementor-top-column elementor-element elementor-element-70b728c\" data-id=\"70b728c\" data-element_type=\"column\" data-e-type=\"column\" data-settings=\"{&quot;background_background&quot;:&quot;classic&quot;}\">\n\t\t\t<div class=\"elementor-widget-wrap elementor-element-populated\">\n\t\t\t\t\t\t<div class=\"elementor-element elementor-element-3f41fdf elementor-widget elementor-widget-heading\" data-id=\"3f41fdf\" data-element_type=\"widget\" data-e-type=\"widget\" data-widget_type=\"heading.default\">\n\t\t\t\t<div class=\"elementor-widget-container\">\n\t\t\t\t\t<h3 class=\"elementor-heading-title elementor-size-default\"><a href=\"https:\/\/www.feriebyenscamping.dk\/de\/aktivitaeten\/\">Aktivit\u00e4ten<\/a><\/h3>\t\t\t\t<\/div>\n\t\t\t\t<\/div>\n\t\t\t\t<div class=\"elementor-element elementor-element-30394cf elementor-widget elementor-widget-text-editor\" data-id=\"30394cf\" data-element_type=\"widget\" data-e-type=\"widget\" data-widget_type=\"text-editor.default\">\n\t\t\t\t<div class=\"elementor-widget-container\">\n\t\t\t\t\t\t\t\t\t<p>Lesen Sie mehr \u00fcber die Aktivit\u00e4ten und Erlebnisse im Feriebyens Camping und R\u00f8dvig Ferieby sowie in der attraktiven Umgebung.<\/p>\t\t\t\t\t\t\t\t<\/div>\n\t\t\t\t<\/div>\n\t\t\t\t<div class=\"elementor-element elementor-element-fdd7c5e elementor-widget elementor-widget-image\" data-id=\"fdd7c5e\" data-element_type=\"widget\" data-e-type=\"widget\" data-widget_type=\"image.default\">\n\t\t\t\t<div class=\"elementor-widget-container\">\n\t\t\t\t\t\t\t\t\t\t\t\t\t\t\t\t<a href=\"https:\/\/www.feriebyenscamping.dk\/de\/aktivitaeten\/\">\n\t\t\t\t\t\t\t<img decoding=\"async\" width=\"800\" height=\"600\" src=\"https:\/\/www.feriebyenscamping.dk\/wp-content\/uploads\/2024\/06\/Geder-paa-Feriebyens-Camping--1024x768.jpg\" class=\"attachment-large size-large wp-image-6581\" alt=\"Feriebyens Camping i R\u00f8dvig | Camping t\u00e6t p\u00e5 strand, skov og klint | Natursk\u00f8nne omgivelser og dyb ro\" srcset=\"https:\/\/www.feriebyenscamping.dk\/wp-content\/uploads\/2024\/06\/Geder-paa-Feriebyens-Camping--1024x768.jpg 1024w, https:\/\/www.feriebyenscamping.dk\/wp-content\/uploads\/2024\/06\/Geder-paa-Feriebyens-Camping--300x225.jpg 300w, https:\/\/www.feriebyenscamping.dk\/wp-content\/uploads\/2024\/06\/Geder-paa-Feriebyens-Camping--768x576.jpg 768w, https:\/\/www.feriebyenscamping.dk\/wp-content\/uploads\/2024\/06\/Geder-paa-Feriebyens-Camping-.jpg 1440w\" sizes=\"(max-width: 800px) 100vw, 800px\" \/>\t\t\t\t\t\t\t\t<\/a>\n\t\t\t\t\t\t\t\t\t\t\t\t\t\t\t<\/div>\n\t\t\t\t<\/div>\n\t\t\t\t\t<\/div>\n\t\t<\/div>\n\t\t\t\t<div class=\"elementor-column elementor-col-25 elementor-top-column elementor-element elementor-element-3194466\" data-id=\"3194466\" data-element_type=\"column\" data-e-type=\"column\" data-settings=\"{&quot;background_background&quot;:&quot;classic&quot;}\">\n\t\t\t<div class=\"elementor-widget-wrap elementor-element-populated\">\n\t\t\t\t\t\t<div class=\"elementor-element elementor-element-fee492c elementor-widget elementor-widget-heading\" data-id=\"fee492c\" data-element_type=\"widget\" data-e-type=\"widget\" data-widget_type=\"heading.default\">\n\t\t\t\t<div class=\"elementor-widget-container\">\n\t\t\t\t\t<h3 class=\"elementor-heading-title elementor-size-default\"><a href=\"https:\/\/www.feriebyenscamping.dk\/de\/ueber-feriebyens-camping\/\">\u00dcber den Campingplatz<\/a><\/h3>\t\t\t\t<\/div>\n\t\t\t\t<\/div>\n\t\t\t\t<div class=\"elementor-element elementor-element-96fdfeb elementor-widget elementor-widget-text-editor\" data-id=\"96fdfeb\" data-element_type=\"widget\" data-e-type=\"widget\" data-widget_type=\"text-editor.default\">\n\t\t\t\t<div class=\"elementor-widget-container\">\n\t\t\t\t\t\t\t\t\t<p>Lesen Sie mehr \u00fcber unsere Anlage, die Einrichtungen und die zahlreichen M\u00f6glichkeiten auf unserem Campingplatz und in der Umgebung.<\/p>\t\t\t\t\t\t\t\t<\/div>\n\t\t\t\t<\/div>\n\t\t\t\t<div class=\"elementor-element elementor-element-a51bc79 elementor-widget elementor-widget-image\" data-id=\"a51bc79\" data-element_type=\"widget\" data-e-type=\"widget\" data-widget_type=\"image.default\">\n\t\t\t\t<div class=\"elementor-widget-container\">\n\t\t\t\t\t\t\t\t\t\t\t\t\t\t\t\t<a href=\"https:\/\/www.feriebyenscamping.dk\/de\/ueber-feriebyens-camping\/\">\n\t\t\t\t\t\t\t<img loading=\"lazy\" decoding=\"async\" width=\"800\" height=\"600\" src=\"https:\/\/www.feriebyenscamping.dk\/wp-content\/uploads\/2024\/01\/Feriebyens-Camping-Hytte-4-1024x768.webp\" class=\"attachment-large size-large wp-image-5370\" alt=\"Feriebyens Camping i R\u00f8dvig I Ferie i natursk\u00f8nne omgivelser I T\u00e6t ved Stevns Klint\" srcset=\"https:\/\/www.feriebyenscamping.dk\/wp-content\/uploads\/2024\/01\/Feriebyens-Camping-Hytte-4-1024x768.webp 1024w, https:\/\/www.feriebyenscamping.dk\/wp-content\/uploads\/2024\/01\/Feriebyens-Camping-Hytte-4-300x225.webp 300w, https:\/\/www.feriebyenscamping.dk\/wp-content\/uploads\/2024\/01\/Feriebyens-Camping-Hytte-4-768x576.webp 768w, https:\/\/www.feriebyenscamping.dk\/wp-content\/uploads\/2024\/01\/Feriebyens-Camping-Hytte-4.webp 1440w\" sizes=\"(max-width: 800px) 100vw, 800px\" \/>\t\t\t\t\t\t\t\t<\/a>\n\t\t\t\t\t\t\t\t\t\t\t\t\t\t\t<\/div>\n\t\t\t\t<\/div>\n\t\t\t\t\t<\/div>\n\t\t<\/div>\n\t\t\t\t\t<\/div>\n\t\t<\/section>\n\t\t\t\t<\/div>\n\t\t","protected":false},"excerpt":{"rendered":"<p>Urlaub im Feriebyens Camping in R\u00f8dvig Feriebyens Camping in R\u00f8dvig bietet Ihnen die perfekten Voraussetzungen f\u00fcr einen Urlaub voller Gelassenheit, Spa\u00df und Entspannung. Unsere Anlage liegt an der malerischen Steilk\u00fcste Stevns Klint umgeben von W\u00e4ldern und Str\u00e4nden. Dabei erm\u00f6glichen Ihnen die zahlreichen Aktivit\u00e4ten in der n\u00e4heren Umgebung einen fantastischen Urlaub. Feriebyens Camping ist Teil des [&hellip;]<\/p>\n","protected":false},"author":3,"featured_media":5153,"parent":0,"menu_order":0,"comment_status":"closed","ping_status":"closed","template":"elementor_header_footer","meta":{"footnotes":""},"class_list":["post-3182","page","type-page","status-publish","has-post-thumbnail","hentry"],"yoast_head":"<!-- This site is optimized with the Yoast SEO plugin v27.5 - https:\/\/yoast.com\/product\/yoast-seo-wordpress\/ -->\n<title>Feriebyens Camping | R\u00f8dvig, D\u00e4nemark<\/title>\n<meta name=\"description\" content=\"Feriebyens Camping in R\u00f8dvig bietet Ihnen die perfekten Voraussetzungen f\u00fcr einen Urlaub voller Gelassenheit, Spa\u00df und Entspannung.\" \/>\n<meta name=\"robots\" content=\"index, follow, max-snippet:-1, max-image-preview:large, max-video-preview:-1\" \/>\n<link rel=\"canonical\" href=\"https:\/\/www.feriebyenscamping.dk\/de\/\" \/>\n<meta property=\"og:locale\" content=\"de_DE\" \/>\n<meta property=\"og:type\" content=\"article\" \/>\n<meta property=\"og:title\" content=\"Feriebyens Camping | R\u00f8dvig, D\u00e4nemark\" \/>\n<meta property=\"og:description\" content=\"Feriebyens Camping in R\u00f8dvig bietet Ihnen die perfekten Voraussetzungen f\u00fcr einen Urlaub voller Gelassenheit, Spa\u00df und Entspannung.\" \/>\n<meta property=\"og:url\" content=\"https:\/\/www.feriebyenscamping.dk\/de\/\" \/>\n<meta property=\"og:site_name\" content=\"Feriebyens Camping\" \/>\n<meta property=\"article:publisher\" content=\"https:\/\/www.facebook.com\/roedvigferieby\" \/>\n<meta property=\"article:modified_time\" content=\"2025-09-04T11:28:54+00:00\" \/>\n<meta property=\"og:image\" content=\"https:\/\/www.feriebyenscamping.dk\/wp-content\/uploads\/2024\/01\/Feriebyens-Camping--jpeg.webp\" \/>\n\t<meta property=\"og:image:width\" content=\"1440\" \/>\n\t<meta property=\"og:image:height\" content=\"960\" \/>\n\t<meta property=\"og:image:type\" content=\"image\/jpeg\" \/>\n<meta name=\"twitter:card\" content=\"summary_large_image\" \/>\n<meta name=\"twitter:label1\" content=\"Gesch\u00e4tzte Lesezeit\" \/>\n\t<meta name=\"twitter:data1\" content=\"2\u00a0Minuten\" \/>\n<script type=\"application\/ld+json\" class=\"yoast-schema-graph\">{\"@context\":\"https:\\\/\\\/schema.org\",\"@graph\":[{\"@type\":\"WebPage\",\"@id\":\"https:\\\/\\\/www.feriebyenscamping.dk\\\/de\\\/\",\"url\":\"https:\\\/\\\/www.feriebyenscamping.dk\\\/de\\\/\",\"name\":\"Feriebyens Camping | R\u00f8dvig, D\u00e4nemark\",\"isPartOf\":{\"@id\":\"https:\\\/\\\/www.feriebyenscamping.dk\\\/de\\\/#website\"},\"primaryImageOfPage\":{\"@id\":\"https:\\\/\\\/www.feriebyenscamping.dk\\\/de\\\/#primaryimage\"},\"image\":{\"@id\":\"https:\\\/\\\/www.feriebyenscamping.dk\\\/de\\\/#primaryimage\"},\"thumbnailUrl\":\"https:\\\/\\\/www.feriebyenscamping.dk\\\/wp-content\\\/uploads\\\/2024\\\/01\\\/Feriebyens-Camping--jpeg.webp\",\"datePublished\":\"2022-11-24T11:48:48+00:00\",\"dateModified\":\"2025-09-04T11:28:54+00:00\",\"description\":\"Feriebyens Camping in R\u00f8dvig bietet Ihnen die perfekten Voraussetzungen f\u00fcr einen Urlaub voller Gelassenheit, Spa\u00df und Entspannung.\",\"breadcrumb\":{\"@id\":\"https:\\\/\\\/www.feriebyenscamping.dk\\\/de\\\/#breadcrumb\"},\"inLanguage\":\"de\",\"potentialAction\":[{\"@type\":\"ReadAction\",\"target\":[\"https:\\\/\\\/www.feriebyenscamping.dk\\\/de\\\/\"]}]},{\"@type\":\"ImageObject\",\"inLanguage\":\"de\",\"@id\":\"https:\\\/\\\/www.feriebyenscamping.dk\\\/de\\\/#primaryimage\",\"url\":\"https:\\\/\\\/www.feriebyenscamping.dk\\\/wp-content\\\/uploads\\\/2024\\\/01\\\/Feriebyens-Camping--jpeg.webp\",\"contentUrl\":\"https:\\\/\\\/www.feriebyenscamping.dk\\\/wp-content\\\/uploads\\\/2024\\\/01\\\/Feriebyens-Camping--jpeg.webp\",\"width\":1440,\"height\":960,\"caption\":\"Feriebyens Camping i R\u00f8dvig I Ferie i natursk\u00f8nne omgivelser I T\u00e6t ved Stevns Klint\"},{\"@type\":\"BreadcrumbList\",\"@id\":\"https:\\\/\\\/www.feriebyenscamping.dk\\\/de\\\/#breadcrumb\",\"itemListElement\":[{\"@type\":\"ListItem\",\"position\":1,\"name\":\"Hjem\",\"item\":\"https:\\\/\\\/www.feriebyenscamping.dk\\\/de\\\/\"},{\"@type\":\"ListItem\",\"position\":2,\"name\":\"Feriebyens Camping\"}]},{\"@type\":\"WebSite\",\"@id\":\"https:\\\/\\\/www.feriebyenscamping.dk\\\/de\\\/#website\",\"url\":\"https:\\\/\\\/www.feriebyenscamping.dk\\\/de\\\/\",\"name\":\"Feriebyens Camping\",\"description\":\"Camping i R\u00f8dvig I Stevns Klint\",\"publisher\":{\"@id\":\"https:\\\/\\\/www.feriebyenscamping.dk\\\/de\\\/#organization\"},\"potentialAction\":[{\"@type\":\"SearchAction\",\"target\":{\"@type\":\"EntryPoint\",\"urlTemplate\":\"https:\\\/\\\/www.feriebyenscamping.dk\\\/de\\\/?s={search_term_string}\"},\"query-input\":{\"@type\":\"PropertyValueSpecification\",\"valueRequired\":true,\"valueName\":\"search_term_string\"}}],\"inLanguage\":\"de\"},{\"@type\":\"Organization\",\"@id\":\"https:\\\/\\\/www.feriebyenscamping.dk\\\/de\\\/#organization\",\"name\":\"Feriebyens Camping\",\"url\":\"https:\\\/\\\/www.feriebyenscamping.dk\\\/de\\\/\",\"logo\":{\"@type\":\"ImageObject\",\"inLanguage\":\"de\",\"@id\":\"https:\\\/\\\/www.feriebyenscamping.dk\\\/de\\\/#\\\/schema\\\/logo\\\/image\\\/\",\"url\":\"https:\\\/\\\/www.feriebyenscamping.dk\\\/wp-content\\\/uploads\\\/2022\\\/11\\\/RF-LOGO.png\",\"contentUrl\":\"https:\\\/\\\/www.feriebyenscamping.dk\\\/wp-content\\\/uploads\\\/2022\\\/11\\\/RF-LOGO.png\",\"width\":700,\"height\":250,\"caption\":\"Feriebyens Camping\"},\"image\":{\"@id\":\"https:\\\/\\\/www.feriebyenscamping.dk\\\/de\\\/#\\\/schema\\\/logo\\\/image\\\/\"},\"sameAs\":[\"https:\\\/\\\/www.facebook.com\\\/roedvigferieby\",\"https:\\\/\\\/www.instagram.com\\\/roedvigferieby\\\/\"]}]}<\/script>\n<!-- \/ Yoast SEO plugin. -->","yoast_head_json":{"title":"Feriebyens Camping | R\u00f8dvig, D\u00e4nemark","description":"Feriebyens Camping in R\u00f8dvig bietet Ihnen die perfekten Voraussetzungen f\u00fcr einen Urlaub voller Gelassenheit, Spa\u00df und Entspannung.","robots":{"index":"index","follow":"follow","max-snippet":"max-snippet:-1","max-image-preview":"max-image-preview:large","max-video-preview":"max-video-preview:-1"},"canonical":"https:\/\/www.feriebyenscamping.dk\/de\/","og_locale":"de_DE","og_type":"article","og_title":"Feriebyens Camping | R\u00f8dvig, D\u00e4nemark","og_description":"Feriebyens Camping in R\u00f8dvig bietet Ihnen die perfekten Voraussetzungen f\u00fcr einen Urlaub voller Gelassenheit, Spa\u00df und Entspannung.","og_url":"https:\/\/www.feriebyenscamping.dk\/de\/","og_site_name":"Feriebyens Camping","article_publisher":"https:\/\/www.facebook.com\/roedvigferieby","article_modified_time":"2025-09-04T11:28:54+00:00","og_image":[{"width":1440,"height":960,"url":"https:\/\/www.feriebyenscamping.dk\/wp-content\/uploads\/2024\/01\/Feriebyens-Camping--jpeg.webp","type":"image\/jpeg"}],"twitter_card":"summary_large_image","twitter_misc":{"Gesch\u00e4tzte Lesezeit":"2\u00a0Minuten"},"schema":{"@context":"https:\/\/schema.org","@graph":[{"@type":"WebPage","@id":"https:\/\/www.feriebyenscamping.dk\/de\/","url":"https:\/\/www.feriebyenscamping.dk\/de\/","name":"Feriebyens Camping | R\u00f8dvig, D\u00e4nemark","isPartOf":{"@id":"https:\/\/www.feriebyenscamping.dk\/de\/#website"},"primaryImageOfPage":{"@id":"https:\/\/www.feriebyenscamping.dk\/de\/#primaryimage"},"image":{"@id":"https:\/\/www.feriebyenscamping.dk\/de\/#primaryimage"},"thumbnailUrl":"https:\/\/www.feriebyenscamping.dk\/wp-content\/uploads\/2024\/01\/Feriebyens-Camping--jpeg.webp","datePublished":"2022-11-24T11:48:48+00:00","dateModified":"2025-09-04T11:28:54+00:00","description":"Feriebyens Camping in R\u00f8dvig bietet Ihnen die perfekten Voraussetzungen f\u00fcr einen Urlaub voller Gelassenheit, Spa\u00df und Entspannung.","breadcrumb":{"@id":"https:\/\/www.feriebyenscamping.dk\/de\/#breadcrumb"},"inLanguage":"de","potentialAction":[{"@type":"ReadAction","target":["https:\/\/www.feriebyenscamping.dk\/de\/"]}]},{"@type":"ImageObject","inLanguage":"de","@id":"https:\/\/www.feriebyenscamping.dk\/de\/#primaryimage","url":"https:\/\/www.feriebyenscamping.dk\/wp-content\/uploads\/2024\/01\/Feriebyens-Camping--jpeg.webp","contentUrl":"https:\/\/www.feriebyenscamping.dk\/wp-content\/uploads\/2024\/01\/Feriebyens-Camping--jpeg.webp","width":1440,"height":960,"caption":"Feriebyens Camping i R\u00f8dvig I Ferie i natursk\u00f8nne omgivelser I T\u00e6t ved Stevns Klint"},{"@type":"BreadcrumbList","@id":"https:\/\/www.feriebyenscamping.dk\/de\/#breadcrumb","itemListElement":[{"@type":"ListItem","position":1,"name":"Hjem","item":"https:\/\/www.feriebyenscamping.dk\/de\/"},{"@type":"ListItem","position":2,"name":"Feriebyens Camping"}]},{"@type":"WebSite","@id":"https:\/\/www.feriebyenscamping.dk\/de\/#website","url":"https:\/\/www.feriebyenscamping.dk\/de\/","name":"Feriebyens Camping","description":"Camping i R\u00f8dvig I Stevns Klint","publisher":{"@id":"https:\/\/www.feriebyenscamping.dk\/de\/#organization"},"potentialAction":[{"@type":"SearchAction","target":{"@type":"EntryPoint","urlTemplate":"https:\/\/www.feriebyenscamping.dk\/de\/?s={search_term_string}"},"query-input":{"@type":"PropertyValueSpecification","valueRequired":true,"valueName":"search_term_string"}}],"inLanguage":"de"},{"@type":"Organization","@id":"https:\/\/www.feriebyenscamping.dk\/de\/#organization","name":"Feriebyens Camping","url":"https:\/\/www.feriebyenscamping.dk\/de\/","logo":{"@type":"ImageObject","inLanguage":"de","@id":"https:\/\/www.feriebyenscamping.dk\/de\/#\/schema\/logo\/image\/","url":"https:\/\/www.feriebyenscamping.dk\/wp-content\/uploads\/2022\/11\/RF-LOGO.png","contentUrl":"https:\/\/www.feriebyenscamping.dk\/wp-content\/uploads\/2022\/11\/RF-LOGO.png","width":700,"height":250,"caption":"Feriebyens Camping"},"image":{"@id":"https:\/\/www.feriebyenscamping.dk\/de\/#\/schema\/logo\/image\/"},"sameAs":["https:\/\/www.facebook.com\/roedvigferieby","https:\/\/www.instagram.com\/roedvigferieby\/"]}]}},"_links":{"self":[{"href":"https:\/\/www.feriebyenscamping.dk\/de\/wp-json\/wp\/v2\/pages\/3182","targetHints":{"allow":["GET"]}}],"collection":[{"href":"https:\/\/www.feriebyenscamping.dk\/de\/wp-json\/wp\/v2\/pages"}],"about":[{"href":"https:\/\/www.feriebyenscamping.dk\/de\/wp-json\/wp\/v2\/types\/page"}],"author":[{"embeddable":true,"href":"https:\/\/www.feriebyenscamping.dk\/de\/wp-json\/wp\/v2\/users\/3"}],"replies":[{"embeddable":true,"href":"https:\/\/www.feriebyenscamping.dk\/de\/wp-json\/wp\/v2\/comments?post=3182"}],"version-history":[{"count":3,"href":"https:\/\/www.feriebyenscamping.dk\/de\/wp-json\/wp\/v2\/pages\/3182\/revisions"}],"predecessor-version":[{"id":7715,"href":"https:\/\/www.feriebyenscamping.dk\/de\/wp-json\/wp\/v2\/pages\/3182\/revisions\/7715"}],"wp:featuredmedia":[{"embeddable":true,"href":"https:\/\/www.feriebyenscamping.dk\/de\/wp-json\/wp\/v2\/media\/5153"}],"wp:attachment":[{"href":"https:\/\/www.feriebyenscamping.dk\/de\/wp-json\/wp\/v2\/media?parent=3182"}],"curies":[{"name":"wp","href":"https:\/\/api.w.org\/{rel}","templated":true}]}}